{"id":20399,"date":"2024-09-06T15:21:55","date_gmt":"2024-09-06T20:21:55","guid":{"rendered":"https:\/\/ister.edu.ec\/?page_id=20399"},"modified":"2025-06-25T11:21:00","modified_gmt":"2025-06-25T16:21:00","slug":"eventos-2","status":"publish","type":"page","link":"https:\/\/ister.edu.ec\/en\/eventos-2\/","title":{"rendered":"Eventos Investigaci\u00f3n"},"content":{"rendered":"<div data-elementor-type=\"wp-page\" data-elementor-id=\"20399\" class=\"elementor elementor-20399\" data-elementor-post-type=\"page\">\n\t\t\t\t\t\t<section class=\"elementor-section elementor-top-section elementor-element elementor-element-31ff8f7 elementor-section-height-min-height elementor-section-content-middle elementor-section-boxed elementor-section-height-default elementor-section-items-middle\" data-id=\"31ff8f7\" data-element_type=\"section\" data-e-type=\"section\" data-settings=\"{&quot;background_background&quot;:&quot;classic&quot;}\">\n\t\t\t\t\t\t<div class=\"elementor-container elementor-column-gap-extended\">\n\t\t\t\t\t<div class=\"elementor-column elementor-col-100 elementor-top-column elementor-element elementor-element-7314487\" data-id=\"7314487\" data-element_type=\"column\" data-e-type=\"column\">\n\t\t\t<div class=\"elementor-widget-wrap elementor-element-populated\">\n\t\t\t\t\t\t<div class=\"elementor-element elementor-element-23746ec elementor-widget elementor-widget-heading\" data-id=\"23746ec\" data-element_type=\"widget\" data-e-type=\"widget\" data-widget_type=\"heading.default\">\n\t\t\t\t<div class=\"elementor-widget-container\">\n\t\t\t\t\t<h2 class=\"elementor-heading-title elementor-size-default\"><b>CONFERENCIAS Y ENCUENTROS CIENT\u00cdFICOS<\/b><\/h2>\t\t\t\t<\/div>\n\t\t\t\t<\/div>\n\t\t\t\t<div class=\"elementor-element elementor-element-aeccbdf elementor-widget elementor-widget-heading\" data-id=\"aeccbdf\" data-element_type=\"widget\" data-e-type=\"widget\" data-widget_type=\"heading.default\">\n\t\t\t\t<div class=\"elementor-widget-container\">\n\t\t\t\t\t<h2 class=\"elementor-heading-title elementor-size-default\"><b>PARTICIPA EN EVENTOS M\u00c1S RECIENTES EN INVESTIGACI\u00d3N<\/b><\/h2>\t\t\t\t<\/div>\n\t\t\t\t<\/div>\n\t\t\t\t\t<\/div>\n\t\t<\/div>\n\t\t\t\t\t<\/div>\n\t\t<\/section>\n\t\t<div class=\"elementor-element elementor-element-31a95de e-flex e-con-boxed e-con e-parent\" data-id=\"31a95de\" data-element_type=\"container\" data-e-type=\"container\" data-settings=\"{&quot;background_background&quot;:&quot;classic&quot;}\">\n\t\t\t\t\t<div class=\"e-con-inner\">\n\t\t<div class=\"elementor-element elementor-element-a406448 e-con-full e-flex e-con e-child\" data-id=\"a406448\" data-element_type=\"container\" data-e-type=\"container\">\n\t\t<div class=\"elementor-element elementor-element-78faa65 e-con-full e-flex e-con e-child\" data-id=\"78faa65\" data-element_type=\"container\" data-e-type=\"container\">\n\t\t\t\t<div class=\"elementor-element elementor-element-384ee2b elementor-widget elementor-widget-heading\" data-id=\"384ee2b\" data-element_type=\"widget\" data-e-type=\"widget\" data-widget_type=\"heading.default\">\n\t\t\t\t<div class=\"elementor-widget-container\">\n\t\t\t\t\t<h2 class=\"elementor-heading-title elementor-size-default\">CCNA 1 INTRODUCCI\u00d3N A REDES<\/h2>\t\t\t\t<\/div>\n\t\t\t\t<\/div>\n\t\t\t\t<div class=\"elementor-element elementor-element-5436897 elementor-widget elementor-widget-text-editor\" data-id=\"5436897\" data-element_type=\"widget\" data-e-type=\"widget\" data-widget_type=\"text-editor.default\">\n\t\t\t\t<div class=\"elementor-widget-container\">\n\t\t\t\t\t\t\t\t\t<p class=\"p1\" data-sider-select-id=\"cda3cb5b-204a-4123-92e6-2d0d2f645ce1\">El Departamento de Investigaci\u00f3n del Universitario Rumi\u00f1ahui, le invita a participar en el curso CCNA 1: Introducci\u00f3n a redes.<\/p><p class=\"p1\">El curso tiene como objetivo desarrollar un conocimiento pr\u00e1ctico de esquemas de direccionamiento IP y la seguridad de la red fundacional, para realizar configuraciones b\u00e1sicas para routers y switches.<\/p><p class=\"p1\">El curso presentar\u00e1 arquitecturas, modelos, protocolos y elementos de red, que son funciones necesarias para respaldar las operaciones y prioridades de las empresas.<\/p><p class=\"p1\">Se desarrollar\u00e1 del 10 de junio al 26 de julio del 2024, tendr\u00e1 una duraci\u00f3n de 70 horas y se impartir\u00e1 de lunes a viernes de 20h00 a 22h00.<\/p><p class=\"p1\">El curso tendr\u00e1 un costo de $80 comunidad ISTER (docentes, estudiantes y graduados) y de $100 para el p\u00fablico externo.<\/p><p class=\"p1\">Las inscripciones son hasta el 07 de junio del 2024 y podr\u00e1n realizarse a trav\u00e9s del correo electr\u00f3nico: <strong>investigacion@ister.edu.ec<\/strong><\/p>\t\t\t\t\t\t\t\t<\/div>\n\t\t\t\t<\/div>\n\t\t\t\t<\/div>\n\t\t\t\t<\/div>\n\t\t<div class=\"elementor-element elementor-element-d0cd0de e-con-full e-flex e-con e-child\" data-id=\"d0cd0de\" data-element_type=\"container\" data-e-type=\"container\">\n\t\t<div class=\"elementor-element elementor-element-316dc01 e-con-full e-flex e-con e-child\" data-id=\"316dc01\" data-element_type=\"container\" data-e-type=\"container\">\n\t\t\t\t<div class=\"elementor-element elementor-element-c3d02a3 elementor-widget elementor-widget-image\" data-id=\"c3d02a3\" data-element_type=\"widget\" data-e-type=\"widget\" data-widget_type=\"image.default\">\n\t\t\t\t<div class=\"elementor-widget-container\">\n\t\t\t\t\t\t\t\t\t\t\t\t\t\t\t<img fetchpriority=\"high\" decoding=\"async\" width=\"800\" height=\"800\" src=\"https:\/\/ister.edu.ec\/wp-content\/uploads\/P-CCN1-1-1024x1024-1.webp\" class=\"attachment-large size-large wp-image-20484\" alt=\"\" srcset=\"https:\/\/ister.edu.ec\/wp-content\/uploads\/P-CCN1-1-1024x1024-1.webp 1024w, https:\/\/ister.edu.ec\/wp-content\/uploads\/P-CCN1-1-1024x1024-1-300x300.webp 300w, https:\/\/ister.edu.ec\/wp-content\/uploads\/P-CCN1-1-1024x1024-1-150x150.webp 150w, https:\/\/ister.edu.ec\/wp-content\/uploads\/P-CCN1-1-1024x1024-1-768x768.webp 768w\" sizes=\"(max-width: 800px) 100vw, 800px\" title=\"P-CCN1-1-1024x1024 - Tecnol\u00f3gico Universitario Rumi\u00f1ahui\" \/>\t\t\t\t\t\t\t\t\t\t\t\t\t\t\t<\/div>\n\t\t\t\t<\/div>\n\t\t\t\t<\/div>\n\t\t\t\t<\/div>\n\t\t\t\t\t<\/div>\n\t\t\t\t<\/div>\n\t\t<div class=\"elementor-element elementor-element-78a953e e-flex e-con-boxed e-con e-parent\" data-id=\"78a953e\" data-element_type=\"container\" data-e-type=\"container\">\n\t\t\t\t\t<div class=\"e-con-inner\">\n\t\t<div class=\"elementor-element elementor-element-aa2a791 e-con-full e-flex e-con e-child\" data-id=\"aa2a791\" data-element_type=\"container\" data-e-type=\"container\">\n\t\t<div class=\"elementor-element elementor-element-9ece4d7 e-con-full e-flex e-con e-child\" data-id=\"9ece4d7\" data-element_type=\"container\" data-e-type=\"container\">\n\t\t\t\t<div class=\"elementor-element elementor-element-2f22683 elementor-widget elementor-widget-image\" data-id=\"2f22683\" data-element_type=\"widget\" data-e-type=\"widget\" data-widget_type=\"image.default\">\n\t\t\t\t<div class=\"elementor-widget-container\">\n\t\t\t\t\t\t\t\t\t\t\t\t\t\t\t<img decoding=\"async\" width=\"800\" height=\"800\" src=\"https:\/\/ister.edu.ec\/wp-content\/uploads\/C01-1024x1024-1.jpg\" class=\"attachment-large size-large wp-image-20497\" alt=\"\" srcset=\"https:\/\/ister.edu.ec\/wp-content\/uploads\/C01-1024x1024-1.jpg 1024w, https:\/\/ister.edu.ec\/wp-content\/uploads\/C01-1024x1024-1-300x300.jpg 300w, https:\/\/ister.edu.ec\/wp-content\/uploads\/C01-1024x1024-1-150x150.jpg 150w, https:\/\/ister.edu.ec\/wp-content\/uploads\/C01-1024x1024-1-768x768.jpg 768w\" sizes=\"(max-width: 800px) 100vw, 800px\" title=\"C01-1024x1024 - Tecnol\u00f3gico Universitario Rumi\u00f1ahui\" \/>\t\t\t\t\t\t\t\t\t\t\t\t\t\t\t<\/div>\n\t\t\t\t<\/div>\n\t\t\t\t<\/div>\n\t\t\t\t<\/div>\n\t\t<div class=\"elementor-element elementor-element-2822aaf e-con-full e-flex e-con e-child\" data-id=\"2822aaf\" data-element_type=\"container\" data-e-type=\"container\">\n\t\t<div class=\"elementor-element elementor-element-597d881 e-con-full e-flex e-con e-child\" data-id=\"597d881\" data-element_type=\"container\" data-e-type=\"container\">\n\t\t\t\t<div class=\"elementor-element elementor-element-5b20187 elementor-widget elementor-widget-heading\" data-id=\"5b20187\" data-element_type=\"widget\" data-e-type=\"widget\" data-widget_type=\"heading.default\">\n\t\t\t\t<div class=\"elementor-widget-container\">\n\t\t\t\t\t<h2 class=\"elementor-heading-title elementor-size-default\">Brazilian Tecnology Symposium<\/h2>\t\t\t\t<\/div>\n\t\t\t\t<\/div>\n\t\t\t\t<div class=\"elementor-element elementor-element-8919349 elementor-widget elementor-widget-text-editor\" data-id=\"8919349\" data-element_type=\"widget\" data-e-type=\"widget\" data-widget_type=\"text-editor.default\">\n\t\t\t\t<div class=\"elementor-widget-container\">\n\t\t\t\t\t\t\t\t\t<div data-sider-select-id=\"3097f50f-bede-4097-be6e-f58e660e0a0e\"><p>El Departamento de Investigaci\u00f3n del Universitario Rumi\u00f1ahui, participar\u00e1 desde 2024 en el Brazilian Technology Symposium \u2013 Satellite Event Ecuador, organizado por el Laboratory of Visual Communications (LCV) de la Universidad de Campinas.<\/p><\/div><div><p>El evento se desarrollar\u00e1 en modalidad virtual el 14 y 15 de noviembre del 2024.<\/p><\/div><div><p>El plazo m\u00e1ximo de recepci\u00f3n de art\u00edculos es hasta el 31 de agosto del 2024 y el registro hasta el 15 de octubre del 2024.<\/p><\/div><div>M\u00e1s informaci\u00f3n al mail: <strong>investigacion@ister.edu.ec<\/strong><\/div>\t\t\t\t\t\t\t\t<\/div>\n\t\t\t\t<\/div>\n\t\t<div class=\"elementor-element elementor-element-ad7a0dc e-con-full contenido6 e-flex e-con e-child\" data-id=\"ad7a0dc\" data-element_type=\"container\" data-e-type=\"container\">\n\t\t\t\t<\/div>\n\t\t\t\t<\/div>\n\t\t\t\t<\/div>\n\t\t\t\t\t<\/div>\n\t\t\t\t<\/div>\n\t\t<div class=\"elementor-element elementor-element-bf7da6c e-flex e-con-boxed e-con e-parent\" data-id=\"bf7da6c\" data-element_type=\"container\" data-e-type=\"container\" data-settings=\"{&quot;background_background&quot;:&quot;classic&quot;}\">\n\t\t\t\t\t<div class=\"e-con-inner\">\n\t\t<div class=\"elementor-element elementor-element-3480b25 e-con-full e-flex e-con e-child\" data-id=\"3480b25\" data-element_type=\"container\" data-e-type=\"container\">\n\t\t<div class=\"elementor-element elementor-element-31988f7 e-con-full e-flex e-con e-child\" data-id=\"31988f7\" data-element_type=\"container\" data-e-type=\"container\">\n\t\t\t\t<div class=\"elementor-element elementor-element-8e73c98 elementor-widget elementor-widget-heading\" data-id=\"8e73c98\" data-element_type=\"widget\" data-e-type=\"widget\" data-widget_type=\"heading.default\">\n\t\t\t\t<div class=\"elementor-widget-container\">\n\t\t\t\t\t<h2 class=\"elementor-heading-title elementor-size-default\">BLOCKCHAIN<\/h2>\t\t\t\t<\/div>\n\t\t\t\t<\/div>\n\t\t\t\t<div class=\"elementor-element elementor-element-a82ad96 elementor-widget elementor-widget-text-editor\" data-id=\"a82ad96\" data-element_type=\"widget\" data-e-type=\"widget\" data-widget_type=\"text-editor.default\">\n\t\t\t\t<div class=\"elementor-widget-container\">\n\t\t\t\t\t\t\t\t\t<p class=\"p1\">\ud83e\uddd1\u200d\ud83d\udcbb | El Departamento de Investigaci\u00f3n del Universitario Rumi\u00f1ahui organiza el curso de Blockchain, del 17 al 28 de junio del 2024.<span class=\"Apple-converted-space\">\u00a0<\/span><\/p><p class=\"p1\">Este curso tendr\u00e1 una duraci\u00f3n de 40 horas en modalidad presencial, de lunes a viernes, de 09:30 a 11:30.<\/p><p class=\"p1\">Puede inscribirse hasta el 16 de junio del 2024 en este link\u00a0<span class=\"s1\">\u25b6\ufe0f<\/span>\u00a0<a href=\"https:\/\/forms.office.com\/r\/xbEQ4SAnye\"><span class=\"s2\">https:\/\/forms.office.com\/r\/xbEQ4SAnye<\/span><\/a><\/p>\t\t\t\t\t\t\t\t<\/div>\n\t\t\t\t<\/div>\n\t\t<div class=\"elementor-element elementor-element-4b0ff0d e-con-full contenido7 e-flex e-con e-child\" data-id=\"4b0ff0d\" data-element_type=\"container\" data-e-type=\"container\">\n\t\t\t\t<\/div>\n\t\t\t\t<\/div>\n\t\t\t\t<\/div>\n\t\t<div class=\"elementor-element elementor-element-6f83191 e-con-full e-flex e-con e-child\" data-id=\"6f83191\" data-element_type=\"container\" data-e-type=\"container\">\n\t\t<div class=\"elementor-element elementor-element-004e4b8 e-con-full e-flex e-con e-child\" data-id=\"004e4b8\" data-element_type=\"container\" data-e-type=\"container\">\n\t\t\t\t<div class=\"elementor-element elementor-element-f956192 elementor-widget elementor-widget-image\" data-id=\"f956192\" data-element_type=\"widget\" data-e-type=\"widget\" data-widget_type=\"image.default\">\n\t\t\t\t<div class=\"elementor-widget-container\">\n\t\t\t\t\t\t\t\t\t\t\t\t\t\t\t<img decoding=\"async\" width=\"800\" height=\"800\" src=\"https:\/\/ister.edu.ec\/wp-content\/uploads\/BLOCKCHAIN-POST-1024x1024-1.jpg\" class=\"attachment-large size-large wp-image-20503\" alt=\"\" srcset=\"https:\/\/ister.edu.ec\/wp-content\/uploads\/BLOCKCHAIN-POST-1024x1024-1.jpg 1024w, https:\/\/ister.edu.ec\/wp-content\/uploads\/BLOCKCHAIN-POST-1024x1024-1-300x300.jpg 300w, https:\/\/ister.edu.ec\/wp-content\/uploads\/BLOCKCHAIN-POST-1024x1024-1-150x150.jpg 150w, https:\/\/ister.edu.ec\/wp-content\/uploads\/BLOCKCHAIN-POST-1024x1024-1-768x768.jpg 768w\" sizes=\"(max-width: 800px) 100vw, 800px\" title=\"BLOCKCHAIN-POST-1024x1024 - Tecnol\u00f3gico Universitario Rumi\u00f1ahui\" \/>\t\t\t\t\t\t\t\t\t\t\t\t\t\t\t<\/div>\n\t\t\t\t<\/div>\n\t\t\t\t<\/div>\n\t\t\t\t<\/div>\n\t\t\t\t\t<\/div>\n\t\t\t\t<\/div>\n\t\t\t\t<\/div>","protected":false},"excerpt":{"rendered":"<p>CONFERENCIAS Y ENCUENTROS CIENT\u00cdFICOS PARTICIPA EN EVENTOS M\u00c1S RECIENTES EN INVESTIGACI\u00d3N CCNA 1 INTRODUCCI\u00d3N A REDES El Departamento de Investigaci\u00f3n del Universitario Rumi\u00f1ahui, le invita a participar en el curso CCNA 1: Introducci\u00f3n a redes. El curso tiene como objetivo desarrollar un conocimiento pr\u00e1ctico de esquemas de direccionamiento IP y la seguridad de la red [&hellip;]<\/p>\n","protected":false},"author":4,"featured_media":0,"parent":0,"menu_order":0,"comment_status":"closed","ping_status":"closed","template":"","meta":{"om_disable_all_campaigns":false,"_monsterinsights_skip_tracking":false,"_monsterinsights_sitenote_active":false,"_monsterinsights_sitenote_note":"","_monsterinsights_sitenote_category":0,"footnotes":""},"class_list":["post-20399","page","type-page","status-publish","hentry"],"aioseo_notices":[],"_links":{"self":[{"href":"https:\/\/ister.edu.ec\/en\/wp-json\/wp\/v2\/pages\/20399","targetHints":{"allow":["GET"]}}],"collection":[{"href":"https:\/\/ister.edu.ec\/en\/wp-json\/wp\/v2\/pages"}],"about":[{"href":"https:\/\/ister.edu.ec\/en\/wp-json\/wp\/v2\/types\/page"}],"author":[{"embeddable":true,"href":"https:\/\/ister.edu.ec\/en\/wp-json\/wp\/v2\/users\/4"}],"replies":[{"embeddable":true,"href":"https:\/\/ister.edu.ec\/en\/wp-json\/wp\/v2\/comments?post=20399"}],"version-history":[{"count":59,"href":"https:\/\/ister.edu.ec\/en\/wp-json\/wp\/v2\/pages\/20399\/revisions"}],"predecessor-version":[{"id":29567,"href":"https:\/\/ister.edu.ec\/en\/wp-json\/wp\/v2\/pages\/20399\/revisions\/29567"}],"wp:attachment":[{"href":"https:\/\/ister.edu.ec\/en\/wp-json\/wp\/v2\/media?parent=20399"}],"curies":[{"name":"wp","href":"https:\/\/api.w.org\/{rel}","templated":true}]}}