{"id":29604,"date":"2025-06-25T14:21:17","date_gmt":"2025-06-25T19:21:17","guid":{"rendered":"https:\/\/ister.edu.ec\/?page_id=29604"},"modified":"2025-06-25T14:58:25","modified_gmt":"2025-06-25T19:58:25","slug":"eventos-2025","status":"publish","type":"page","link":"https:\/\/ister.edu.ec\/en\/eventos-2025\/","title":{"rendered":"Eventos 2025"},"content":{"rendered":"\t\t<div data-elementor-type=\"wp-page\" data-elementor-id=\"29604\" class=\"elementor elementor-29604\" data-elementor-post-type=\"page\">\n\t\t\t\t<div class=\"elementor-element elementor-element-5d50255 e-flex e-con-boxed e-con e-parent\" data-id=\"5d50255\" data-element_type=\"container\" data-e-type=\"container\">\n\t\t\t\t\t<div class=\"e-con-inner\">\n\t\t<div class=\"elementor-element elementor-element-e59cf66 e-con-full e-flex e-con e-child\" data-id=\"e59cf66\" data-element_type=\"container\" data-e-type=\"container\">\n\t\t\t\t<div class=\"elementor-element elementor-element-5739bad elementor-widget elementor-widget-html\" data-id=\"5739bad\" data-element_type=\"widget\" data-e-type=\"widget\" data-widget_type=\"html.default\">\n\t\t\t\t<div class=\"elementor-widget-container\">\n\t\t\t\t\t<script src=\"https:\/\/ajax.googleapis.com\/ajax\/libs\/jquery\/3.6.0\/jquery.min.js\"><\/script>\n<script type=\"text\/javascript\">\n$(document).ready(function(){\n$('.btn28').on(\"click\",function(e){\n $('.contenido28').slideToggle(\"slow\");\nreturn false;\n });\n});\n<\/script>\t\t\t\t<\/div>\n\t\t\t\t<\/div>\n\t\t\t\t<div class=\"elementor-element elementor-element-43e280b elementor-widget elementor-widget-image\" data-id=\"43e280b\" data-element_type=\"widget\" data-e-type=\"widget\" data-widget_type=\"image.default\">\n\t\t\t\t<div class=\"elementor-widget-container\">\n\t\t\t\t\t\t\t\t\t\t\t\t\t\t\t<img fetchpriority=\"high\" decoding=\"async\" width=\"800\" height=\"800\" src=\"https:\/\/ister.edu.ec\/wp-content\/uploads\/BTSYM2-POST-1-scaled-1-1024x1024.webp\" class=\"attachment-large size-large wp-image-29607\" alt=\"\" srcset=\"https:\/\/ister.edu.ec\/wp-content\/uploads\/BTSYM2-POST-1-scaled-1-1024x1024.webp 1024w, https:\/\/ister.edu.ec\/wp-content\/uploads\/BTSYM2-POST-1-scaled-1-300x300.webp 300w, https:\/\/ister.edu.ec\/wp-content\/uploads\/BTSYM2-POST-1-scaled-1-150x150.webp 150w, https:\/\/ister.edu.ec\/wp-content\/uploads\/BTSYM2-POST-1-scaled-1-768x768.webp 768w, https:\/\/ister.edu.ec\/wp-content\/uploads\/BTSYM2-POST-1-scaled-1-1536x1536.webp 1536w, https:\/\/ister.edu.ec\/wp-content\/uploads\/BTSYM2-POST-1-scaled-1-2048x2048.webp 2048w\" sizes=\"(max-width: 800px) 100vw, 800px\" title=\"BTSYM2-POST-1-scaled - Tecnol\u00f3gico Universitario Rumi\u00f1ahui\" \/>\t\t\t\t\t\t\t\t\t\t\t\t\t\t\t<\/div>\n\t\t\t\t<\/div>\n\t\t\t\t<div class=\"elementor-element elementor-element-3fc2ecd elementor-align-center btn28 elementor-widget elementor-widget-button\" data-id=\"3fc2ecd\" data-element_type=\"widget\" data-e-type=\"widget\" data-widget_type=\"button.default\">\n\t\t\t\t<div class=\"elementor-widget-container\">\n\t\t\t\t\t\t\t\t\t<div class=\"elementor-button-wrapper\">\n\t\t\t\t\t<a class=\"elementor-button elementor-button-link elementor-size-sm\" href=\"#\">\n\t\t\t\t\t\t<span class=\"elementor-button-content-wrapper\">\n\t\t\t\t\t\t\t\t\t<span class=\"elementor-button-text\">VER EVENTO<\/span>\n\t\t\t\t\t<\/span>\n\t\t\t\t\t<\/a>\n\t\t\t\t<\/div>\n\t\t\t\t\t\t\t\t<\/div>\n\t\t\t\t<\/div>\n\t\t<div class=\"elementor-element elementor-element-d38fef3 e-con-full contenido28 e-flex e-con e-child\" data-id=\"d38fef3\" data-element_type=\"container\" data-e-type=\"container\">\n\t\t\t\t<div class=\"elementor-element elementor-element-44011ab elementor-widget elementor-widget-heading\" data-id=\"44011ab\" data-element_type=\"widget\" data-e-type=\"widget\" data-widget_type=\"heading.default\">\n\t\t\t\t<div class=\"elementor-widget-container\">\n\t\t\t\t\t<h2 class=\"elementor-heading-title elementor-size-default\">BTSym\u00b425<\/h2>\t\t\t\t<\/div>\n\t\t\t\t<\/div>\n\t\t\t\t<div class=\"elementor-element elementor-element-523c1cf elementor-widget elementor-widget-text-editor\" data-id=\"523c1cf\" data-element_type=\"widget\" data-e-type=\"widget\" data-widget_type=\"text-editor.default\">\n\t\t\t\t<div class=\"elementor-widget-container\">\n\t\t\t\t\t\t\t\t\t<div class=\"elementor-element elementor-element-8be8da0 elementor-widget elementor-widget-heading\" data-id=\"8be8da0\" data-element_type=\"widget\" data-widget_type=\"heading.default\"><h5 class=\"elementor-heading-title elementor-size-default\">El Departamento de Investigaci\u00f3n tiene el agrado de comunicarles que el evento Brazilian Technology Symposium (<span class=\"error misspelling\" title=\"Se ha encontrado un posible error ortogr\u00e1fico.\" data-type=\"misspelling\" data-suggestions=\"[{&quot;value&quot;:&quot;BTS&quot;},{&quot;value&quot;:&quot;Tim&quot;},{&quot;value&quot;:&quot;Wasim&quot;},{&quot;value&quot;:&quot;Basic&quot;},{&quot;value&quot;:&quot;Etsy&quot;}]\" data-rule=\"MORFOLOGIK_RULE_ES\" data-word=\"BTSym\">BTSym<\/span><span class=\"error grammar\" title=\"S\u00edmbolo desparejado: Parece que falta un \u2018\u2018\u2019.\" data-type=\"grammar\" data-suggestions=\"[{&quot;value&quot;:&quot;\u2018\u2019&quot;},{&quot;value&quot;:&quot;&quot;}]\" data-rule=\"ES_UNPAIRED_BRACKETS\" data-word=\"\u2019\">\u2019<\/span>2025), organizado por la Universidad de Campi\u00f1as (<span class=\"error misspelling\" title=\"Se ha encontrado un posible error ortogr\u00e1fico.\" data-type=\"misspelling\" data-suggestions=\"[{&quot;value&quot;:&quot;\u00daNICA&quot;},{&quot;value&quot;:&quot;\u00daNICAS&quot;},{&quot;value&quot;:&quot;ENCAMP&quot;},{&quot;value&quot;:&quot;UBICAME&quot;},{&quot;value&quot;:&quot;UB\u00cdCAME&quot;}]\" data-rule=\"MORFOLOGIK_RULE_ES\" data-word=\"UNICAMP\">UNICAMP<\/span>) se desarrollar\u00e1 el 27 y 28 de noviembre del 2025 El Brazilian Technology Symposium,\u00a0es un espacio adecuado para la presentaci\u00f3n de los resultados de proyectos e investigaciones desarrolladas en diferentes \u00e1reas de conocimiento cient\u00edfico y tecnol\u00f3gico.<\/h5><\/div>\t\t\t\t\t\t\t\t<\/div>\n\t\t\t\t<\/div>\n\t\t\t\t<\/div>\n\t\t\t\t<\/div>\n\t\t<div class=\"elementor-element elementor-element-494d8ae e-con-full e-flex e-con e-child\" data-id=\"494d8ae\" data-element_type=\"container\" data-e-type=\"container\">\n\t\t\t\t<div class=\"elementor-element elementor-element-4f8c3a9 elementor-widget elementor-widget-html\" data-id=\"4f8c3a9\" data-element_type=\"widget\" data-e-type=\"widget\" data-widget_type=\"html.default\">\n\t\t\t\t<div class=\"elementor-widget-container\">\n\t\t\t\t\t<script src=\"https:\/\/ajax.googleapis.com\/ajax\/libs\/jquery\/3.6.0\/jquery.min.js\"><\/script>\n<script type=\"text\/javascript\">\n$(document).ready(function(){\n$('.btn29').on(\"click\",function(e){\n $('.contenido29').slideToggle(\"slow\");\nreturn false;\n });\n});\n<\/script>\t\t\t\t<\/div>\n\t\t\t\t<\/div>\n\t\t\t\t<div class=\"elementor-element elementor-element-59d9cab elementor-widget elementor-widget-image\" data-id=\"59d9cab\" data-element_type=\"widget\" data-e-type=\"widget\" data-widget_type=\"image.default\">\n\t\t\t\t<div class=\"elementor-widget-container\">\n\t\t\t\t\t\t\t\t\t\t\t\t\t\t\t<img decoding=\"async\" width=\"800\" height=\"800\" src=\"https:\/\/ister.edu.ec\/wp-content\/uploads\/Convocatoria-1024x1024.webp\" class=\"attachment-large size-large wp-image-29618\" alt=\"\" srcset=\"https:\/\/ister.edu.ec\/wp-content\/uploads\/Convocatoria-1024x1024.webp 1024w, https:\/\/ister.edu.ec\/wp-content\/uploads\/Convocatoria-300x300.webp 300w, https:\/\/ister.edu.ec\/wp-content\/uploads\/Convocatoria-150x150.webp 150w, https:\/\/ister.edu.ec\/wp-content\/uploads\/Convocatoria-768x768.webp 768w, https:\/\/ister.edu.ec\/wp-content\/uploads\/Convocatoria-1536x1536.webp 1536w, https:\/\/ister.edu.ec\/wp-content\/uploads\/Convocatoria.webp 1969w\" sizes=\"(max-width: 800px) 100vw, 800px\" title=\"Convocatoria - Tecnol\u00f3gico Universitario Rumi\u00f1ahui\" \/>\t\t\t\t\t\t\t\t\t\t\t\t\t\t\t<\/div>\n\t\t\t\t<\/div>\n\t\t\t\t<div class=\"elementor-element elementor-element-ab6bad7 elementor-align-center btn29 elementor-widget elementor-widget-button\" data-id=\"ab6bad7\" data-element_type=\"widget\" data-e-type=\"widget\" data-widget_type=\"button.default\">\n\t\t\t\t<div class=\"elementor-widget-container\">\n\t\t\t\t\t\t\t\t\t<div class=\"elementor-button-wrapper\">\n\t\t\t\t\t<a class=\"elementor-button elementor-button-link elementor-size-sm\" href=\"#\">\n\t\t\t\t\t\t<span class=\"elementor-button-content-wrapper\">\n\t\t\t\t\t\t\t\t\t<span class=\"elementor-button-text\">VER EVENTO<\/span>\n\t\t\t\t\t<\/span>\n\t\t\t\t\t<\/a>\n\t\t\t\t<\/div>\n\t\t\t\t\t\t\t\t<\/div>\n\t\t\t\t<\/div>\n\t\t<div class=\"elementor-element elementor-element-6243692 e-con-full contenido29 e-flex e-con e-child\" data-id=\"6243692\" data-element_type=\"container\" data-e-type=\"container\">\n\t\t\t\t<div class=\"elementor-element elementor-element-21ef19d elementor-widget elementor-widget-heading\" data-id=\"21ef19d\" data-element_type=\"widget\" data-e-type=\"widget\" data-widget_type=\"heading.default\">\n\t\t\t\t<div class=\"elementor-widget-container\">\n\t\t\t\t\t<h2 class=\"elementor-heading-title elementor-size-default\">Convocatoria Proyectos Investigaci\u00f3n<\/h2>\t\t\t\t<\/div>\n\t\t\t\t<\/div>\n\t\t\t\t<div class=\"elementor-element elementor-element-c627370 elementor-widget elementor-widget-text-editor\" data-id=\"c627370\" data-element_type=\"widget\" data-e-type=\"widget\" data-widget_type=\"text-editor.default\">\n\t\t\t\t<div class=\"elementor-widget-container\">\n\t\t\t\t\t\t\t\t\t<div class=\"elementor-element elementor-element-8be8da0 elementor-widget elementor-widget-heading\" data-id=\"8be8da0\" data-element_type=\"widget\" data-widget_type=\"heading.default\"><h5 class=\"elementor-heading-title elementor-size-default\">El Departamento de Investigaci\u00f3n del Universitario Rumi\u00f1ahui socializ\u00f3 a la comunidad acad\u00e9mica la convocatoria de presentaci\u00f3n de proyectos de investigaci\u00f3n, innovaci\u00f3n y transferencia tecnol\u00f3gica \u2013 2025 el martes 7 de enero.<\/h5><\/div>\t\t\t\t\t\t\t\t<\/div>\n\t\t\t\t<\/div>\n\t\t\t\t<\/div>\n\t\t\t\t<\/div>\n\t\t<div class=\"elementor-element elementor-element-d7aa40e e-con-full e-flex e-con e-child\" data-id=\"d7aa40e\" data-element_type=\"container\" data-e-type=\"container\">\n\t\t\t\t<div class=\"elementor-element elementor-element-8617166 elementor-widget elementor-widget-html\" data-id=\"8617166\" data-element_type=\"widget\" data-e-type=\"widget\" data-widget_type=\"html.default\">\n\t\t\t\t<div class=\"elementor-widget-container\">\n\t\t\t\t\t<script src=\"https:\/\/ajax.googleapis.com\/ajax\/libs\/jquery\/3.6.0\/jquery.min.js\"><\/script>\n<script type=\"text\/javascript\">\n$(document).ready(function(){\n$('.btn30').on(\"click\",function(e){\n $('.contenido30').slideToggle(\"slow\");\nreturn false;\n });\n});\n<\/script>\t\t\t\t<\/div>\n\t\t\t\t<\/div>\n\t\t\t\t<div class=\"elementor-element elementor-element-242a6ae elementor-widget elementor-widget-image\" data-id=\"242a6ae\" data-element_type=\"widget\" data-e-type=\"widget\" data-widget_type=\"image.default\">\n\t\t\t\t<div class=\"elementor-widget-container\">\n\t\t\t\t\t\t\t\t\t\t\t\t\t\t\t<img decoding=\"async\" width=\"800\" height=\"800\" src=\"https:\/\/ister.edu.ec\/wp-content\/uploads\/Taller-1024x1024.webp\" class=\"attachment-large size-large wp-image-29622\" alt=\"\" srcset=\"https:\/\/ister.edu.ec\/wp-content\/uploads\/Taller-1024x1024.webp 1024w, https:\/\/ister.edu.ec\/wp-content\/uploads\/Taller-300x300.webp 300w, https:\/\/ister.edu.ec\/wp-content\/uploads\/Taller-150x150.webp 150w, https:\/\/ister.edu.ec\/wp-content\/uploads\/Taller-768x768.webp 768w, https:\/\/ister.edu.ec\/wp-content\/uploads\/Taller-1536x1536.webp 1536w, https:\/\/ister.edu.ec\/wp-content\/uploads\/Taller.webp 1575w\" sizes=\"(max-width: 800px) 100vw, 800px\" title=\"Taller - Tecnol\u00f3gico Universitario Rumi\u00f1ahui\" \/>\t\t\t\t\t\t\t\t\t\t\t\t\t\t\t<\/div>\n\t\t\t\t<\/div>\n\t\t\t\t<div class=\"elementor-element elementor-element-47d679c elementor-align-center btn30 elementor-widget elementor-widget-button\" data-id=\"47d679c\" data-element_type=\"widget\" data-e-type=\"widget\" data-widget_type=\"button.default\">\n\t\t\t\t<div class=\"elementor-widget-container\">\n\t\t\t\t\t\t\t\t\t<div class=\"elementor-button-wrapper\">\n\t\t\t\t\t<a class=\"elementor-button elementor-button-link elementor-size-sm\" href=\"#\">\n\t\t\t\t\t\t<span class=\"elementor-button-content-wrapper\">\n\t\t\t\t\t\t\t\t\t<span class=\"elementor-button-text\">VER EVENTO<\/span>\n\t\t\t\t\t<\/span>\n\t\t\t\t\t<\/a>\n\t\t\t\t<\/div>\n\t\t\t\t\t\t\t\t<\/div>\n\t\t\t\t<\/div>\n\t\t<div class=\"elementor-element elementor-element-1db15ef e-con-full contenido30 e-flex e-con e-child\" data-id=\"1db15ef\" data-element_type=\"container\" data-e-type=\"container\">\n\t\t\t\t<div class=\"elementor-element elementor-element-f5d4c95 elementor-widget elementor-widget-heading\" data-id=\"f5d4c95\" data-element_type=\"widget\" data-e-type=\"widget\" data-widget_type=\"heading.default\">\n\t\t\t\t<div class=\"elementor-widget-container\">\n\t\t\t\t\t<h2 class=\"elementor-heading-title elementor-size-default\">Category Management<\/h2>\t\t\t\t<\/div>\n\t\t\t\t<\/div>\n\t\t\t\t<div class=\"elementor-element elementor-element-933e2ef elementor-widget elementor-widget-text-editor\" data-id=\"933e2ef\" data-element_type=\"widget\" data-e-type=\"widget\" data-widget_type=\"text-editor.default\">\n\t\t\t\t<div class=\"elementor-widget-container\">\n\t\t\t\t\t\t\t\t\t<div class=\"elementor-element elementor-element-8be8da0 elementor-widget elementor-widget-heading\" data-id=\"8be8da0\" data-element_type=\"widget\" data-widget_type=\"heading.default\"><div>El Departamento de Investigaci\u00f3n del Universitario Rumi\u00f1ahui organiz\u00f3 el taller te\u00f3rico \u2013 pr\u00e1ctico sobre \u00ab<strong>Category Management<\/strong>\u00ab, impartido por el\u00a0<strong>Ing. Franklin Mosquera<\/strong>\u00a0el 15 de enero del 2025.<\/div><div>Docentes y estudiantes de las carreras de Administraci\u00f3n y Marketing participaron activamente, fortaleciendo sus conocimientos<\/div><\/div>\t\t\t\t\t\t\t\t<\/div>\n\t\t\t\t<\/div>\n\t\t\t\t<\/div>\n\t\t\t\t<\/div>\n\t\t\t\t\t<\/div>\n\t\t\t\t<\/div>\n\t\t<div class=\"elementor-element elementor-element-0078fbf e-flex e-con-boxed e-con e-parent\" data-id=\"0078fbf\" data-element_type=\"container\" data-e-type=\"container\">\n\t\t\t\t\t<div class=\"e-con-inner\">\n\t\t<div class=\"elementor-element elementor-element-4a10ab1 e-con-full e-flex e-con e-child\" data-id=\"4a10ab1\" data-element_type=\"container\" data-e-type=\"container\">\n\t\t\t\t<div class=\"elementor-element elementor-element-f7058f7 elementor-widget elementor-widget-html\" data-id=\"f7058f7\" data-element_type=\"widget\" data-e-type=\"widget\" data-widget_type=\"html.default\">\n\t\t\t\t<div class=\"elementor-widget-container\">\n\t\t\t\t\t<script src=\"https:\/\/ajax.googleapis.com\/ajax\/libs\/jquery\/3.6.0\/jquery.min.js\"><\/script>\n<script type=\"text\/javascript\">\n$(document).ready(function(){\n$('.btn31').on(\"click\",function(e){\n $('.contenido31').slideToggle(\"slow\");\nreturn false;\n });\n});\n<\/script>\t\t\t\t<\/div>\n\t\t\t\t<\/div>\n\t\t\t\t<div class=\"elementor-element elementor-element-716b679 elementor-widget elementor-widget-image\" data-id=\"716b679\" data-element_type=\"widget\" data-e-type=\"widget\" data-widget_type=\"image.default\">\n\t\t\t\t<div class=\"elementor-widget-container\">\n\t\t\t\t\t\t\t\t\t\t\t\t\t\t\t<img loading=\"lazy\" decoding=\"async\" width=\"800\" height=\"800\" src=\"https:\/\/ister.edu.ec\/wp-content\/uploads\/RESVISTA-CONCTIVIDA-1024x1024.webp\" class=\"attachment-large size-large wp-image-29633\" alt=\"\" srcset=\"https:\/\/ister.edu.ec\/wp-content\/uploads\/RESVISTA-CONCTIVIDA-1024x1024.webp 1024w, https:\/\/ister.edu.ec\/wp-content\/uploads\/RESVISTA-CONCTIVIDA-300x300.webp 300w, https:\/\/ister.edu.ec\/wp-content\/uploads\/RESVISTA-CONCTIVIDA-150x150.webp 150w, https:\/\/ister.edu.ec\/wp-content\/uploads\/RESVISTA-CONCTIVIDA-768x768.webp 768w, https:\/\/ister.edu.ec\/wp-content\/uploads\/RESVISTA-CONCTIVIDA-1536x1536.webp 1536w, https:\/\/ister.edu.ec\/wp-content\/uploads\/RESVISTA-CONCTIVIDA.webp 1575w\" sizes=\"(max-width: 800px) 100vw, 800px\" title=\"RESVISTA-CONCTIVIDA - Tecnol\u00f3gico Universitario Rumi\u00f1ahui\" \/>\t\t\t\t\t\t\t\t\t\t\t\t\t\t\t<\/div>\n\t\t\t\t<\/div>\n\t\t\t\t<div class=\"elementor-element elementor-element-c316928 elementor-align-center btn31 elementor-widget elementor-widget-button\" data-id=\"c316928\" data-element_type=\"widget\" data-e-type=\"widget\" data-widget_type=\"button.default\">\n\t\t\t\t<div class=\"elementor-widget-container\">\n\t\t\t\t\t\t\t\t\t<div class=\"elementor-button-wrapper\">\n\t\t\t\t\t<a class=\"elementor-button elementor-button-link elementor-size-sm\" href=\"#\">\n\t\t\t\t\t\t<span class=\"elementor-button-content-wrapper\">\n\t\t\t\t\t\t\t\t\t<span class=\"elementor-button-text\">VER EVENTO<\/span>\n\t\t\t\t\t<\/span>\n\t\t\t\t\t<\/a>\n\t\t\t\t<\/div>\n\t\t\t\t\t\t\t\t<\/div>\n\t\t\t\t<\/div>\n\t\t<div class=\"elementor-element elementor-element-115add4 e-con-full contenido31 e-flex e-con e-child\" data-id=\"115add4\" data-element_type=\"container\" data-e-type=\"container\">\n\t\t\t\t<div class=\"elementor-element elementor-element-a2fb8ee elementor-widget elementor-widget-heading\" data-id=\"a2fb8ee\" data-element_type=\"widget\" data-e-type=\"widget\" data-widget_type=\"heading.default\">\n\t\t\t\t<div class=\"elementor-widget-container\">\n\t\t\t\t\t<h2 class=\"elementor-heading-title elementor-size-default\">Revista Conectividad Vol6.No1.<\/h2>\t\t\t\t<\/div>\n\t\t\t\t<\/div>\n\t\t\t\t<div class=\"elementor-element elementor-element-3b97b51 elementor-widget elementor-widget-text-editor\" data-id=\"3b97b51\" data-element_type=\"widget\" data-e-type=\"widget\" data-widget_type=\"text-editor.default\">\n\t\t\t\t<div class=\"elementor-widget-container\">\n\t\t\t\t\t\t\t\t\t<div class=\"elementor-element elementor-element-8be8da0 elementor-widget elementor-widget-heading\" data-id=\"8be8da0\" data-element_type=\"widget\" data-widget_type=\"heading.default\"><h5 class=\"elementor-heading-title elementor-size-default\">La Revista Conectividad public\u00f3 el 23 de enero del 2025 el Volumen 6 N\u00famero 1. En este se abordan temas fundamentales para el desarrollo de la sociedad moderna: ingenier\u00eda, tecnolog\u00eda, educaci\u00f3n y administraci\u00f3n.<\/h5><\/div>\t\t\t\t\t\t\t\t<\/div>\n\t\t\t\t<\/div>\n\t\t\t\t<\/div>\n\t\t\t\t<\/div>\n\t\t<div class=\"elementor-element elementor-element-f779c4d e-con-full e-flex e-con e-child\" data-id=\"f779c4d\" data-element_type=\"container\" data-e-type=\"container\">\n\t\t<div class=\"elementor-element elementor-element-1e26aae e-con-full contenido29 e-flex e-con e-child\" data-id=\"1e26aae\" data-element_type=\"container\" data-e-type=\"container\">\n\t\t\t\t<div class=\"elementor-element elementor-element-d490e3c elementor-widget elementor-widget-heading\" data-id=\"d490e3c\" data-element_type=\"widget\" data-e-type=\"widget\" data-widget_type=\"heading.default\">\n\t\t\t\t<div class=\"elementor-widget-container\">\n\t\t\t\t\t<h2 class=\"elementor-heading-title elementor-size-default\">Convocatoria Proyectos Investigaci\u00f3n<\/h2>\t\t\t\t<\/div>\n\t\t\t\t<\/div>\n\t\t\t\t<div class=\"elementor-element elementor-element-1654edb elementor-widget elementor-widget-text-editor\" data-id=\"1654edb\" data-element_type=\"widget\" data-e-type=\"widget\" data-widget_type=\"text-editor.default\">\n\t\t\t\t<div class=\"elementor-widget-container\">\n\t\t\t\t\t\t\t\t\t<div class=\"elementor-element elementor-element-8be8da0 elementor-widget elementor-widget-heading\" data-id=\"8be8da0\" data-element_type=\"widget\" data-widget_type=\"heading.default\"><h5 class=\"elementor-heading-title elementor-size-default\">El Departamento de Investigaci\u00f3n del Universitario Rumi\u00f1ahui socializ\u00f3 a la comunidad acad\u00e9mica la convocatoria de presentaci\u00f3n de proyectos de investigaci\u00f3n, innovaci\u00f3n y transferencia tecnol\u00f3gica \u2013 2025 el martes 7 de enero.<\/h5><\/div>\t\t\t\t\t\t\t\t<\/div>\n\t\t\t\t<\/div>\n\t\t\t\t<\/div>\n\t\t\t\t<\/div>\n\t\t<div class=\"elementor-element elementor-element-835fc08 e-con-full e-flex e-con e-child\" data-id=\"835fc08\" data-element_type=\"container\" data-e-type=\"container\">\n\t\t<div class=\"elementor-element elementor-element-3829faf e-con-full contenido30 e-flex e-con e-child\" data-id=\"3829faf\" data-element_type=\"container\" data-e-type=\"container\">\n\t\t\t\t<div class=\"elementor-element elementor-element-dac1e9a elementor-widget elementor-widget-heading\" data-id=\"dac1e9a\" data-element_type=\"widget\" data-e-type=\"widget\" data-widget_type=\"heading.default\">\n\t\t\t\t<div class=\"elementor-widget-container\">\n\t\t\t\t\t<h2 class=\"elementor-heading-title elementor-size-default\">Category Management<\/h2>\t\t\t\t<\/div>\n\t\t\t\t<\/div>\n\t\t\t\t<div class=\"elementor-element elementor-element-29ed679 elementor-widget elementor-widget-text-editor\" data-id=\"29ed679\" data-element_type=\"widget\" data-e-type=\"widget\" data-widget_type=\"text-editor.default\">\n\t\t\t\t<div class=\"elementor-widget-container\">\n\t\t\t\t\t\t\t\t\t<div class=\"elementor-element elementor-element-8be8da0 elementor-widget elementor-widget-heading\" data-id=\"8be8da0\" data-element_type=\"widget\" data-widget_type=\"heading.default\"><div>El Departamento de Investigaci\u00f3n del Universitario Rumi\u00f1ahui organiz\u00f3 el taller te\u00f3rico \u2013 pr\u00e1ctico sobre \u00ab<strong>Category Management<\/strong>\u00ab, impartido por el\u00a0<strong>Ing. Franklin Mosquera<\/strong>\u00a0el 15 de enero del 2025.<\/div><div>Docentes y estudiantes de las carreras de Administraci\u00f3n y Marketing participaron activamente, fortaleciendo sus conocimientos<\/div><\/div>\t\t\t\t\t\t\t\t<\/div>\n\t\t\t\t<\/div>\n\t\t\t\t<\/div>\n\t\t\t\t<\/div>\n\t\t\t\t\t<\/div>\n\t\t\t\t<\/div>\n\t\t\t\t<\/div>\n\t\t","protected":false},"excerpt":{"rendered":"<p>VER EVENTO BTSym\u00b425 El Departamento de Investigaci\u00f3n tiene el agrado de comunicarles que el evento Brazilian Technology Symposium (BTSym\u20192025), organizado por la Universidad de Campi\u00f1as (UNICAMP) se desarrollar\u00e1 el 27 y 28 de noviembre del 2025 El Brazilian Technology Symposium,\u00a0es un espacio adecuado para la presentaci\u00f3n de los resultados de proyectos e investigaciones desarrolladas en [&hellip;]<\/p>\n","protected":false},"author":4,"featured_media":0,"parent":0,"menu_order":0,"comment_status":"closed","ping_status":"closed","template":"","meta":{"om_disable_all_campaigns":false,"_monsterinsights_skip_tracking":false,"_monsterinsights_sitenote_active":false,"_monsterinsights_sitenote_note":"","_monsterinsights_sitenote_category":0,"footnotes":""},"class_list":["post-29604","page","type-page","status-publish","hentry"],"aioseo_notices":[],"_links":{"self":[{"href":"https:\/\/ister.edu.ec\/en\/wp-json\/wp\/v2\/pages\/29604","targetHints":{"allow":["GET"]}}],"collection":[{"href":"https:\/\/ister.edu.ec\/en\/wp-json\/wp\/v2\/pages"}],"about":[{"href":"https:\/\/ister.edu.ec\/en\/wp-json\/wp\/v2\/types\/page"}],"author":[{"embeddable":true,"href":"https:\/\/ister.edu.ec\/en\/wp-json\/wp\/v2\/users\/4"}],"replies":[{"embeddable":true,"href":"https:\/\/ister.edu.ec\/en\/wp-json\/wp\/v2\/comments?post=29604"}],"version-history":[{"count":25,"href":"https:\/\/ister.edu.ec\/en\/wp-json\/wp\/v2\/pages\/29604\/revisions"}],"predecessor-version":[{"id":29641,"href":"https:\/\/ister.edu.ec\/en\/wp-json\/wp\/v2\/pages\/29604\/revisions\/29641"}],"wp:attachment":[{"href":"https:\/\/ister.edu.ec\/en\/wp-json\/wp\/v2\/media?parent=29604"}],"curies":[{"name":"wp","href":"https:\/\/api.w.org\/{rel}","templated":true}]}}