{"id":3,"date":"2022-08-03T16:37:59","date_gmt":"2022-08-03T21:37:59","guid":{"rendered":"http:\/\/localhost\/wordpress\/?page_id=3"},"modified":"2025-06-25T12:02:31","modified_gmt":"2025-06-25T17:02:31","slug":"politica-privacidad","status":"publish","type":"page","link":"https:\/\/ister.edu.ec\/en\/politica-privacidad\/","title":{"rendered":"Pol\u00edtica de privacidad"},"content":{"rendered":"<div data-elementor-type=\"wp-page\" data-elementor-id=\"3\" class=\"elementor elementor-3\" data-elementor-post-type=\"page\">\n\t\t\t\t\t\t<section class=\"elementor-section elementor-top-section elementor-element elementor-element-7c77407 elementor-section-boxed elementor-section-height-default elementor-section-height-default\" data-id=\"7c77407\" data-element_type=\"section\" data-e-type=\"section\">\n\t\t\t\t\t\t<div class=\"elementor-container elementor-column-gap-default\">\n\t\t\t\t\t<div class=\"elementor-column elementor-col-100 elementor-top-column elementor-element elementor-element-43d3fe3f\" data-id=\"43d3fe3f\" data-element_type=\"column\" data-e-type=\"column\">\n\t\t\t<div class=\"elementor-widget-wrap elementor-element-populated\">\n\t\t\t\t\t\t<div class=\"elementor-element elementor-element-25ed434a elementor-widget elementor-widget-text-editor\" data-id=\"25ed434a\" data-element_type=\"widget\" data-e-type=\"widget\" data-widget_type=\"text-editor.default\">\n\t\t\t\t<div class=\"elementor-widget-container\">\n\t\t\t\t\t\t\t\t\t<p><b><u>Pol\u00edtica de Privacidad del Instituto Tecnol\u00f3gico Universitario Rumi\u00f1ahui<\/u><\/b><\/p>\n<p><b><u><br><\/u><\/b><\/p>\n<p>Bienvenido(a) a la Pol\u00edtica de Privacidad del Instituto Tecnol\u00f3gico Universitario Rumi\u00f1ahui. Esta pol\u00edtica describe c\u00f3mo recopilamos, utilizamos, compartimos y protegemos los datos personales que obtenemos de los visitantes de nuestro sitio web. Al acceder y usar nuestro sitio web, aceptas los t\u00e9rminos y condiciones de esta pol\u00edtica.<\/p>\n<p>**Recopilaci\u00f3n de Datos**<\/p>\n<p>Cuando los visitantes interact\u00faan con nuestro sitio web, recopilamos ciertos datos para brindar una experiencia mejor y m\u00e1s personalizada. Estos datos pueden incluir:<\/p>\n<p>&#8211; Informaci\u00f3n de Comentarios: Si decides dejar un comentario en nuestro sitio, recopilamos los datos proporcionados en el formulario de comentarios, incluida tu direcci\u00f3n IP y cadena de agentes de usuario del navegador. Estos datos ayudan a la detecci\u00f3n de spam y mejoran la calidad de la interacci\u00f3n.<\/p>\n<p>&#8211; Medios: Si subes im\u00e1genes a nuestro sitio web, te recomendamos evitar incluir datos de ubicaci\u00f3n (GPS EXIF) en las im\u00e1genes, ya que los visitantes pueden descargar y extraer dicha informaci\u00f3n.<\/p>\n<p>**Cookies**<\/p>\n<p>Usamos cookies para mejorar tu experiencia en nuestro sitio web. Algunas de las formas en que utilizamos las cookies incluyen:<\/p>\n<p>&#8211; Comentarios: Si dejas un comentario en nuestro sitio, puedes optar por guardar tu nombre, direcci\u00f3n de correo electr\u00f3nico y sitio web en cookies para facilitar futuros comentarios.<\/p>\n<p>&#8211; Sesiones de Acceso: Si tienes una cuenta en nuestro sitio y te conectas, se instalar\u00e1 una cookie temporal para determinar la aceptaci\u00f3n de cookies por parte de tu navegador. Esta cookie se elimina al cerrar el navegador.<\/p>\n<p>&#8211; Preferencias de Acceso: Instalamos cookies para guardar tus datos de acceso y preferencias de visualizaci\u00f3n de pantalla. Estas cookies tienen duraciones espec\u00edficas seg\u00fan las opciones seleccionadas.<\/p>\n<p>&#8211; Edici\u00f3n de Art\u00edculos: Cuando editas o publicas un art\u00edculo, se guarda una cookie adicional con el ID del art\u00edculo editado. Esta cookie no contiene datos personales y expira despu\u00e9s de 1 d\u00eda.<\/p>\n<p>**Contenido Incrustado**<\/p>\n<p>Algunos art\u00edculos en nuestro sitio pueden incluir contenido incrustado, como videos o im\u00e1genes, desde otras fuentes. Estos contenidos se comportan de manera similar a si visitaras directamente la fuente original y pueden recopilar datos y utilizar cookies.<\/p>\n<p>**Retenci\u00f3n de Datos**<\/p>\n<p>Los comentarios y sus metadatos se conservan indefinidamente para la aprobaci\u00f3n autom\u00e1tica de comentarios sucesivos.<\/p>\n<p>Para los usuarios registrados en nuestro sitio, almacenamos la informaci\u00f3n personal proporcionada en los perfiles de usuario. Los usuarios pueden ver, editar o eliminar su informaci\u00f3n personal en cualquier momento.<\/p>\n<p>**Derechos de los Usuarios**<\/p>\n<p>Si tienes una cuenta en nuestro sitio o has dejado comentarios, tienes los siguientes derechos sobre tus datos personales:<\/p>\n<p>&#8211; Derecho de Rectificaci\u00f3n: Puedes editar tu informaci\u00f3n personal en tu perfil de usuario.<\/p>\n<p>&#8211; Derecho de Supresi\u00f3n: Puedes solicitar la eliminaci\u00f3n de tus datos personales, excepto cuando debamos conservarlos por obligaciones legales, administrativas o de seguridad.<\/p>\n<p>**Transferencia de Datos**<\/p>\n<p>Los comentarios de los visitantes pueden ser revisados por un servicio de detecci\u00f3n autom\u00e1tica de spam.<\/p>\n<p>**Cambios en la Pol\u00edtica de Privacidad**<\/p>\n<p>Esta pol\u00edtica de privacidad puede actualizarse en el futuro. Cualquier cambio ser\u00e1 publicado en esta p\u00e1gina, y te recomendamos comprobarla peri\u00f3dicamente para estar informado(a) sobre c\u00f3mo protegemos tus datos.<\/p>\n<p><\/p>\n<p>Si tienes preguntas o inquietudes sobre nuestra pol\u00edtica de privacidad, por favor cont\u00e1ctanos en info@ister.edu.ec. Tu privacidad es importante para nosotros, y estamos comprometidos en protegerla de manera transparente y efectiva.<\/p>\t\t\t\t\t\t\t\t<\/div>\n\t\t\t\t<\/div>\n\t\t\t\t\t<\/div>\n\t\t<\/div>\n\t\t\t\t\t<\/div>\n\t\t<\/section>\n\t\t\t\t<\/div>","protected":false},"excerpt":{"rendered":"<p>Pol\u00edtica de Privacidad del Instituto Tecnol\u00f3gico Universitario Rumi\u00f1ahui Bienvenido(a) a la Pol\u00edtica de Privacidad del Instituto Tecnol\u00f3gico Universitario Rumi\u00f1ahui. Esta pol\u00edtica describe c\u00f3mo recopilamos, utilizamos, compartimos y protegemos los datos personales que obtenemos de los visitantes de nuestro sitio web. Al acceder y usar nuestro sitio web, aceptas los t\u00e9rminos y condiciones de esta pol\u00edtica. [&hellip;]<\/p>\n","protected":false},"author":4,"featured_media":0,"parent":0,"menu_order":0,"comment_status":"closed","ping_status":"closed","template":"","meta":{"om_disable_all_campaigns":false,"_monsterinsights_skip_tracking":false,"_monsterinsights_sitenote_active":false,"_monsterinsights_sitenote_note":"","_monsterinsights_sitenote_category":0,"footnotes":""},"class_list":["post-3","page","type-page","status-publish","hentry"],"aioseo_notices":[],"_links":{"self":[{"href":"https:\/\/ister.edu.ec\/en\/wp-json\/wp\/v2\/pages\/3","targetHints":{"allow":["GET"]}}],"collection":[{"href":"https:\/\/ister.edu.ec\/en\/wp-json\/wp\/v2\/pages"}],"about":[{"href":"https:\/\/ister.edu.ec\/en\/wp-json\/wp\/v2\/types\/page"}],"author":[{"embeddable":true,"href":"https:\/\/ister.edu.ec\/en\/wp-json\/wp\/v2\/users\/4"}],"replies":[{"embeddable":true,"href":"https:\/\/ister.edu.ec\/en\/wp-json\/wp\/v2\/comments?post=3"}],"version-history":[{"count":6,"href":"https:\/\/ister.edu.ec\/en\/wp-json\/wp\/v2\/pages\/3\/revisions"}],"predecessor-version":[{"id":13220,"href":"https:\/\/ister.edu.ec\/en\/wp-json\/wp\/v2\/pages\/3\/revisions\/13220"}],"wp:attachment":[{"href":"https:\/\/ister.edu.ec\/en\/wp-json\/wp\/v2\/media?parent=3"}],"curies":[{"name":"wp","href":"https:\/\/api.w.org\/{rel}","templated":true}]}}