{"id":35313,"date":"2025-10-16T09:40:36","date_gmt":"2025-10-16T14:40:36","guid":{"rendered":"https:\/\/ister.edu.ec\/?page_id=35313"},"modified":"2026-01-27T14:47:27","modified_gmt":"2026-01-27T19:47:27","slug":"cartelera","status":"publish","type":"page","link":"https:\/\/ister.edu.ec\/en\/cartelera\/","title":{"rendered":"Cartelera"},"content":{"rendered":"<div data-elementor-type=\"wp-page\" data-elementor-id=\"35313\" class=\"elementor elementor-35313\" data-elementor-post-type=\"page\">\n\t\t\t\t<div class=\"elementor-element elementor-element-47f355cd e-flex e-con-boxed e-con e-parent\" data-id=\"47f355cd\" data-element_type=\"container\" data-e-type=\"container\" data-settings=\"{&quot;background_background&quot;:&quot;classic&quot;}\">\n\t\t\t\t\t<div class=\"e-con-inner\">\n\t\t\t\t<div class=\"elementor-element elementor-element-400a70a5 elementor-widget elementor-widget-elementskit-heading\" data-id=\"400a70a5\" data-element_type=\"widget\" data-e-type=\"widget\" data-widget_type=\"elementskit-heading.default\">\n\t\t\t\t<div class=\"elementor-widget-container\">\n\t\t\t\t\t<div class=\"ekit-wid-con\" ><div class=\"ekit-heading elementskit-section-title-wraper center   ekit_heading_tablet-   ekit_heading_mobile-\"><h2 class=\"ekit-heading--title elementskit-section-title\">Tu Portal de Noticias y Eventos<\/h2>\t\t\t\t<div class='ekit-heading__description'>\n\t\t\t\t\t<p>Mantente al d\u00eda con los eventos, avisos y noticias clave del Instituto Tecnol\u00f3gico Superior Universitario <span class=\"error misspelling\" title=\"Se ha encontrado un posible error ortogr\u00e1fico.\">Rumi\u00f1ahui<\/span>.<\/p>\n\t\t\t\t<\/div>\n\t\t\t<\/div><\/div>\t\t\t\t<\/div>\n\t\t\t\t<\/div>\n\t\t\t\t\t<\/div>\n\t\t\t\t<\/div>\n\t\t<div class=\"elementor-element elementor-element-315e2535 e-flex e-con-boxed e-con e-parent\" data-id=\"315e2535\" data-element_type=\"container\" data-e-type=\"container\">\n\t\t\t\t\t<div class=\"e-con-inner\">\n\t\t<div class=\"elementor-element elementor-element-7820ab1c e-con-full e-flex e-con e-child\" data-id=\"7820ab1c\" data-element_type=\"container\" data-e-type=\"container\" data-settings=\"{&quot;background_background&quot;:&quot;classic&quot;}\">\n\t\t<div class=\"elementor-element elementor-element-65805de e-con-full e-flex e-con e-child\" data-id=\"65805de\" data-element_type=\"container\" data-e-type=\"container\">\n\t\t\t\t<div class=\"elementor-element elementor-element-25b15772 elementor-widget elementor-widget-elementskit-heading\" data-id=\"25b15772\" data-element_type=\"widget\" data-e-type=\"widget\" data-widget_type=\"elementskit-heading.default\">\n\t\t\t\t<div class=\"elementor-widget-container\">\n\t\t\t\t\t<div class=\"ekit-wid-con\" ><div class=\"ekit-heading elementskit-section-title-wraper text_left   ekit_heading_tablet-   ekit_heading_mobile-\"><h3 class=\"elementskit-section-subtitle\">\n\t\t\t\t\t\tNoticias Oficiales:\n\t\t\t\t\t<\/h3><h2 class=\"ekit-heading--title elementskit-section-title\">del Universitario Rumi\u00f1ahui<\/h2>\t\t\t\t<div class='ekit-heading__description'>\n\t\t\t\t\t<p>El resumen diario de los hechos y avisos esenciales. Mantente informado sobre cambios, logros y convocatorias importantes. Informaci\u00f3n verificada.<\/p>\n\t\t\t\t<\/div>\n\t\t\t<\/div><\/div>\t\t\t\t<\/div>\n\t\t\t\t<\/div>\n\t\t\t\t<div class=\"elementor-element elementor-element-7185edf elementor-align-left elementor-widget elementor-widget-button\" data-id=\"7185edf\" data-element_type=\"widget\" data-e-type=\"widget\" data-widget_type=\"button.default\">\n\t\t\t\t<div class=\"elementor-widget-container\">\n\t\t\t\t\t\t\t\t\t<div class=\"elementor-button-wrapper\">\n\t\t\t\t\t<a class=\"elementor-button elementor-button-link elementor-size-sm\" href=\"https:\/\/www.youtube.com\/watch?v=y5fmJFcd2SQ&#038;list=PLy8Klko2AHZ6ogGxABJW9m_Z8U_a-jdrA\" target=\"_blank\">\n\t\t\t\t\t\t<span class=\"elementor-button-content-wrapper\">\n\t\t\t\t\t\t<span class=\"elementor-button-icon\">\n\t\t\t\t<svg aria-hidden=\"true\" class=\"e-font-icon-svg e-fab-youtube\" viewbox=\"0 0 576 512\" xmlns=\"http:\/\/www.w3.org\/2000\/svg\"><path d=\"M549.655 124.083c-6.281-23.65-24.787-42.276-48.284-48.597C458.781 64 288 64 288 64S117.22 64 74.629 75.486c-23.497 6.322-42.003 24.947-48.284 48.597-11.412 42.867-11.412 132.305-11.412 132.305s0 89.438 11.412 132.305c6.281 23.65 24.787 41.5 48.284 47.821C117.22 448 288 448 288 448s170.78 0 213.371-11.486c23.497-6.321 42.003-24.171 48.284-47.821 11.412-42.867 11.412-132.305 11.412-132.305s0-89.438-11.412-132.305zm-317.51 213.508V175.185l142.739 81.205-142.739 81.201z\"><\/path><\/svg>\t\t\t<\/span>\n\t\t\t\t\t\t\t\t\t<span class=\"elementor-button-text\">Ver cartelera digital<\/span>\n\t\t\t\t\t<\/span>\n\t\t\t\t\t<\/a>\n\t\t\t\t<\/div>\n\t\t\t\t\t\t\t\t<\/div>\n\t\t\t\t<\/div>\n\t\t\t\t<\/div>\n\t\t\t\t<\/div>\n\t\t\t\t\t<\/div>\n\t\t\t\t<\/div>\n\t\t<div class=\"elementor-element elementor-element-f5e96b2 e-flex e-con-boxed e-con e-parent\" data-id=\"f5e96b2\" data-element_type=\"container\" data-e-type=\"container\">\n\t\t\t\t\t<div class=\"e-con-inner\">\n\t\t<div class=\"elementor-element elementor-element-521689a e-con-full e-flex e-con e-child\" data-id=\"521689a\" data-element_type=\"container\" data-e-type=\"container\">\n\t\t\t\t<div class=\"elementor-element elementor-element-e622d56 elementor-widget elementor-widget-elementskit-heading\" data-id=\"e622d56\" data-element_type=\"widget\" data-e-type=\"widget\" data-widget_type=\"elementskit-heading.default\">\n\t\t\t\t<div class=\"elementor-widget-container\">\n\t\t\t\t\t<div class=\"ekit-wid-con\" ><div class=\"ekit-heading elementskit-section-title-wraper center   ekit_heading_tablet-   ekit_heading_mobile-\"><h3 class=\"elementskit-section-subtitle  elementskit-style-border\">\n\t\t\t\t\t\tDescubre nuestra\n\t\t\t\t\t<\/h3><h2 class=\"ekit-heading--title elementskit-section-title\">Cartelera digital<\/h2><\/div><\/div>\t\t\t\t<\/div>\n\t\t\t\t<\/div>\n\t\t<div class=\"elementor-element elementor-element-182a195 e-con-full e-flex e-con e-child\" data-id=\"182a195\" data-element_type=\"container\" data-e-type=\"container\">\n\t\t<div class=\"elementor-element elementor-element-f21b1e1 e-con-full e-flex e-con e-child\" data-id=\"f21b1e1\" data-element_type=\"container\" data-e-type=\"container\">\n\t\t\t\t<div class=\"elementor-element elementor-element-f16afa3 elementor-widget elementor-widget-image\" data-id=\"f16afa3\" data-element_type=\"widget\" data-e-type=\"widget\" data-widget_type=\"image.default\">\n\t\t\t\t<div class=\"elementor-widget-container\">\n\t\t\t\t\t\t\t\t\t\t\t\t\t\t\t<img fetchpriority=\"high\" decoding=\"async\" width=\"635\" height=\"635\" src=\"https:\/\/ister.edu.ec\/wp-content\/uploads\/Cartelera-universitario-ruminahui.webp\" class=\"attachment-full size-full wp-image-35548\" alt=\"\" srcset=\"https:\/\/ister.edu.ec\/wp-content\/uploads\/Cartelera-universitario-ruminahui.webp 635w, https:\/\/ister.edu.ec\/wp-content\/uploads\/Cartelera-universitario-ruminahui-300x300.webp 300w, https:\/\/ister.edu.ec\/wp-content\/uploads\/Cartelera-universitario-ruminahui-150x150.webp 150w\" sizes=\"(max-width: 635px) 100vw, 635px\" title=\"Cartelera universitario rumi\u00f1ahui - Tecnol\u00f3gico Universitario Rumi\u00f1ahui\" \/>\t\t\t\t\t\t\t\t\t\t\t\t\t\t\t<\/div>\n\t\t\t\t<\/div>\n\t\t\t\t<\/div>\n\t\t<div class=\"elementor-element elementor-element-8b59b51 e-con-full e-flex e-con e-child\" data-id=\"8b59b51\" data-element_type=\"container\" data-e-type=\"container\" data-settings=\"{&quot;background_background&quot;:&quot;classic&quot;}\">\n\t\t<div class=\"elementor-element elementor-element-e095db3 e-con-full e-flex e-con e-child\" data-id=\"e095db3\" data-element_type=\"container\" data-e-type=\"container\">\n\t\t\t\t<div class=\"elementor-element elementor-element-8eeba7c elementor-widget elementor-widget-video\" data-id=\"8eeba7c\" data-element_type=\"widget\" data-e-type=\"widget\" data-settings=\"{&quot;youtube_url&quot;:&quot;https:\\\/\\\/www.youtube.com\\\/watch?v=y5fmJFcd2SQ&amp;feature=youtu.be&quot;,&quot;autoplay&quot;:&quot;yes&quot;,&quot;mute&quot;:&quot;yes&quot;,&quot;video_type&quot;:&quot;youtube&quot;,&quot;controls&quot;:&quot;yes&quot;}\" data-widget_type=\"video.default\">\n\t\t\t\t<div class=\"elementor-widget-container\">\n\t\t\t\t\t\t\t<div class=\"elementor-wrapper elementor-open-inline\">\n\t\t\t<div class=\"elementor-video\"><\/div>\t\t<\/div>\n\t\t\t\t\t\t<\/div>\n\t\t\t\t<\/div>\n\t\t\t\t<\/div>\n\t\t\t\t<\/div>\n\t\t\t\t<\/div>\n\t\t\t\t<\/div>\n\t\t\t\t\t<\/div>\n\t\t\t\t<\/div>\n\t\t<div class=\"elementor-element elementor-element-66630ff6 e-flex e-con-boxed e-con e-parent\" data-id=\"66630ff6\" data-element_type=\"container\" data-e-type=\"container\" data-settings=\"{&quot;background_background&quot;:&quot;classic&quot;}\">\n\t\t\t\t\t<div class=\"e-con-inner\">\n\t\t\t\t<div class=\"elementor-element elementor-element-334c6e13 elementor-widget elementor-widget-elementskit-heading\" data-id=\"334c6e13\" data-element_type=\"widget\" data-e-type=\"widget\" data-widget_type=\"elementskit-heading.default\">\n\t\t\t\t<div class=\"elementor-widget-container\">\n\t\t\t\t\t<div class=\"ekit-wid-con\" ><div class=\"ekit-heading elementskit-section-title-wraper center   ekit_heading_tablet-   ekit_heading_mobile-\"><h3 class=\"elementskit-section-subtitle  elementskit-style-border\">\n\t\t\t\t\t\tCobertura\n\t\t\t\t\t<\/h3><h2 class=\"ekit-heading--title elementskit-section-title\"> Completa del Campus<\/h2><\/div><\/div>\t\t\t\t<\/div>\n\t\t\t\t<\/div>\n\t\t\t\t\t<\/div>\n\t\t\t\t<\/div>\n\t\t<div class=\"elementor-element elementor-element-34f33313 e-flex e-con-boxed e-con e-parent\" data-id=\"34f33313\" data-element_type=\"container\" data-e-type=\"container\">\n\t\t\t\t\t<div class=\"e-con-inner\">\n\t\t\t\t<div class=\"elementor-element elementor-element-6501ca1c elementor-widget elementor-widget-elementskit-heading\" data-id=\"6501ca1c\" data-element_type=\"widget\" data-e-type=\"widget\" data-widget_type=\"elementskit-heading.default\">\n\t\t\t\t<div class=\"elementor-widget-container\">\n\t\t\t\t\t<div class=\"ekit-wid-con\" ><div class=\"ekit-heading elementskit-section-title-wraper center   ekit_heading_tablet-   ekit_heading_mobile-\"><h3 class=\"elementskit-section-subtitle  elementskit-style-border\">\n\t\t\t\t\t\tNUESTRAS NOTICIAS\n\t\t\t\t\t<\/h3><h2 class=\"ekit-heading--title elementskit-section-title\">\u00daLTIMAS NOTICIAS<\/h2><\/div><\/div>\t\t\t\t<\/div>\n\t\t\t\t<\/div>\n\t\t\t\t<div class=\"elementor-element elementor-element-93a7489 elementor-posts--align-center elementor-grid-3 elementor-grid-tablet-2 elementor-grid-mobile-1 elementor-posts--thumbnail-top elementor-widget elementor-widget-posts\" data-id=\"93a7489\" data-element_type=\"widget\" data-e-type=\"widget\" data-settings=\"{&quot;pagination_type&quot;:&quot;numbers&quot;,&quot;classic_columns&quot;:&quot;3&quot;,&quot;classic_columns_tablet&quot;:&quot;2&quot;,&quot;classic_columns_mobile&quot;:&quot;1&quot;,&quot;classic_row_gap&quot;:{&quot;unit&quot;:&quot;px&quot;,&quot;size&quot;:35,&quot;sizes&quot;:[]},&quot;classic_row_gap_tablet&quot;:{&quot;unit&quot;:&quot;px&quot;,&quot;size&quot;:&quot;&quot;,&quot;sizes&quot;:[]},&quot;classic_row_gap_mobile&quot;:{&quot;unit&quot;:&quot;px&quot;,&quot;size&quot;:&quot;&quot;,&quot;sizes&quot;:[]}}\" data-widget_type=\"posts.classic\">\n\t\t\t\t<div class=\"elementor-widget-container\">\n\t\t\t\t\t\t\t<div class=\"elementor-posts-container elementor-posts elementor-posts--skin-classic elementor-grid\" role=\"list\">\n\t\t\t\t<article class=\"elementor-post elementor-grid-item post-42039 post type-post status-publish format-standard hentry category-universitario\" role=\"listitem\">\n\t\t\t\t<div class=\"elementor-post__text\">\n\t\t\t\t<h3 class=\"elementor-post__title\">\n\t\t\t<a href=\"https:\/\/ister.edu.ec\/en\/programa-contigo-mujer\/\" target=\"&quot;_blank&quot;\">\n\t\t\t\t\u201cContigo Mujer\u201d Program\t\t\t<\/a>\n\t\t<\/h3>\n\t\t\t\t<div class=\"elementor-post__meta-data\">\n\t\t\t\t\t<span class=\"elementor-post-date\">\n\t\t\t1 de April de 2026\t\t<\/span>\n\t\t\t\t<\/div>\n\t\t\n\t\t<a class=\"elementor-post__read-more\" href=\"https:\/\/ister.edu.ec\/en\/programa-contigo-mujer\/\" aria-label=\"Read more about Programa Contigo Mujer\" tabindex=\"-1\" target=\"_blank\">\n\t\t\tLeer m\u00e1s\u00bb\t\t<\/a>\n\n\t\t\t\t<\/div>\n\t\t\t\t<\/article>\n\t\t\t\t<article class=\"elementor-post elementor-grid-item post-39896 post type-post status-publish format-standard has-post-thumbnail hentry category-universitario\" role=\"listitem\">\n\t\t\t\t<a class=\"elementor-post__thumbnail__link\" href=\"https:\/\/ister.edu.ec\/en\/curso-internacional-de-emergencias-medicas\/\" tabindex=\"-1\" target=\"&quot;_blank&quot;\">\n\t\t\t<div class=\"elementor-post__thumbnail\"><img decoding=\"async\" width=\"768\" height=\"768\" src=\"https:\/\/ister.edu.ec\/wp-content\/uploads\/Emergencias-Medicas-Universitario-Ruminahui-768x768.webp\" class=\"attachment-medium_large size-medium_large wp-image-39906\" alt=\"\" srcset=\"https:\/\/ister.edu.ec\/wp-content\/uploads\/Emergencias-Medicas-Universitario-Ruminahui-768x768.webp 768w, https:\/\/ister.edu.ec\/wp-content\/uploads\/Emergencias-Medicas-Universitario-Ruminahui-300x300.webp 300w, https:\/\/ister.edu.ec\/wp-content\/uploads\/Emergencias-Medicas-Universitario-Ruminahui-1024x1024.webp 1024w, https:\/\/ister.edu.ec\/wp-content\/uploads\/Emergencias-Medicas-Universitario-Ruminahui-150x150.webp 150w, https:\/\/ister.edu.ec\/wp-content\/uploads\/Emergencias-Medicas-Universitario-Ruminahui.webp 1333w\" sizes=\"(max-width: 768px) 100vw, 768px\" \/><\/div>\n\t\t<\/a>\n\t\t\t\t<div class=\"elementor-post__text\">\n\t\t\t\t<h3 class=\"elementor-post__title\">\n\t\t\t<a href=\"https:\/\/ister.edu.ec\/en\/curso-internacional-de-emergencias-medicas\/\" target=\"&quot;_blank&quot;\">\n\t\t\t\tInternational Medical Emergency Course\t\t\t<\/a>\n\t\t<\/h3>\n\t\t\t\t<div class=\"elementor-post__meta-data\">\n\t\t\t\t\t<span class=\"elementor-post-date\">\n\t\t\t10 de February de 2026\t\t<\/span>\n\t\t\t\t<\/div>\n\t\t\n\t\t<a class=\"elementor-post__read-more\" href=\"https:\/\/ister.edu.ec\/en\/curso-internacional-de-emergencias-medicas\/\" aria-label=\"Read more about Curso Internacional de Emergencias M\u00e9dicas\" tabindex=\"-1\" target=\"_blank\">\n\t\t\tLeer m\u00e1s\u00bb\t\t<\/a>\n\n\t\t\t\t<\/div>\n\t\t\t\t<\/article>\n\t\t\t\t<article class=\"elementor-post elementor-grid-item post-39884 post type-post status-publish format-standard has-post-thumbnail hentry category-universitario\" role=\"listitem\">\n\t\t\t\t<a class=\"elementor-post__thumbnail__link\" href=\"https:\/\/ister.edu.ec\/en\/curso-internacional-de-enfermeria\/\" tabindex=\"-1\" target=\"&quot;_blank&quot;\">\n\t\t\t<div class=\"elementor-post__thumbnail\"><img decoding=\"async\" width=\"768\" height=\"768\" src=\"https:\/\/ister.edu.ec\/wp-content\/uploads\/Curso-Internacional-Universitario-Ruminahui-768x768.webp\" class=\"attachment-medium_large size-medium_large wp-image-39911\" alt=\"\" srcset=\"https:\/\/ister.edu.ec\/wp-content\/uploads\/Curso-Internacional-Universitario-Ruminahui-768x768.webp 768w, https:\/\/ister.edu.ec\/wp-content\/uploads\/Curso-Internacional-Universitario-Ruminahui-300x300.webp 300w, https:\/\/ister.edu.ec\/wp-content\/uploads\/Curso-Internacional-Universitario-Ruminahui-1024x1024.webp 1024w, https:\/\/ister.edu.ec\/wp-content\/uploads\/Curso-Internacional-Universitario-Ruminahui-150x150.webp 150w, https:\/\/ister.edu.ec\/wp-content\/uploads\/Curso-Internacional-Universitario-Ruminahui.webp 1333w\" sizes=\"(max-width: 768px) 100vw, 768px\" \/><\/div>\n\t\t<\/a>\n\t\t\t\t<div class=\"elementor-post__text\">\n\t\t\t\t<h3 class=\"elementor-post__title\">\n\t\t\t<a href=\"https:\/\/ister.edu.ec\/en\/curso-internacional-de-enfermeria\/\" target=\"&quot;_blank&quot;\">\n\t\t\t\tInternational Nursing Course\t\t\t<\/a>\n\t\t<\/h3>\n\t\t\t\t<div class=\"elementor-post__meta-data\">\n\t\t\t\t\t<span class=\"elementor-post-date\">\n\t\t\t10 de February de 2026\t\t<\/span>\n\t\t\t\t<\/div>\n\t\t\n\t\t<a class=\"elementor-post__read-more\" href=\"https:\/\/ister.edu.ec\/en\/curso-internacional-de-enfermeria\/\" aria-label=\"Read more about Curso internacional de enfermer\u00eda\" tabindex=\"-1\" target=\"_blank\">\n\t\t\tLeer m\u00e1s\u00bb\t\t<\/a>\n\n\t\t\t\t<\/div>\n\t\t\t\t<\/article>\n\t\t\t\t<article class=\"elementor-post elementor-grid-item post-39371 post type-post status-publish format-standard has-post-thumbnail hentry category-universitario\" role=\"listitem\">\n\t\t\t\t<a class=\"elementor-post__thumbnail__link\" href=\"https:\/\/ister.edu.ec\/en\/convenio-interinstitucional-entre-el-universitario-ruminahui-y-la-uess\/\" tabindex=\"-1\" target=\"&quot;_blank&quot;\">\n\t\t\t<div class=\"elementor-post__thumbnail\"><img loading=\"lazy\" decoding=\"async\" width=\"768\" height=\"768\" src=\"https:\/\/ister.edu.ec\/wp-content\/uploads\/firma-convenio-interinstitucional-universitario-ruminahui-uess-768x768.webp\" class=\"attachment-medium_large size-medium_large wp-image-39373\" alt=\"Autoridades del Universitario Rumi\u00f1ahui y la UESS estrechan manos durante la firma de un convenio interinstitucional.\" srcset=\"https:\/\/ister.edu.ec\/wp-content\/uploads\/firma-convenio-interinstitucional-universitario-ruminahui-uess-768x768.webp 768w, https:\/\/ister.edu.ec\/wp-content\/uploads\/firma-convenio-interinstitucional-universitario-ruminahui-uess-300x300.webp 300w, https:\/\/ister.edu.ec\/wp-content\/uploads\/firma-convenio-interinstitucional-universitario-ruminahui-uess-1024x1024.webp 1024w, https:\/\/ister.edu.ec\/wp-content\/uploads\/firma-convenio-interinstitucional-universitario-ruminahui-uess-150x150.webp 150w, https:\/\/ister.edu.ec\/wp-content\/uploads\/firma-convenio-interinstitucional-universitario-ruminahui-uess.webp 1080w\" sizes=\"(max-width: 768px) 100vw, 768px\" \/><\/div>\n\t\t<\/a>\n\t\t\t\t<div class=\"elementor-post__text\">\n\t\t\t\t<h3 class=\"elementor-post__title\">\n\t\t\t<a href=\"https:\/\/ister.edu.ec\/en\/convenio-interinstitucional-entre-el-universitario-ruminahui-y-la-uess\/\" target=\"&quot;_blank&quot;\">\n\t\t\t\tInter-institutional agreement between Rumi\u00f1ahui University and UEES\t\t\t<\/a>\n\t\t<\/h3>\n\t\t\t\t<div class=\"elementor-post__meta-data\">\n\t\t\t\t\t<span class=\"elementor-post-date\">\n\t\t\t28 de January de 2026\t\t<\/span>\n\t\t\t\t<\/div>\n\t\t\n\t\t<a class=\"elementor-post__read-more\" href=\"https:\/\/ister.edu.ec\/en\/convenio-interinstitucional-entre-el-universitario-ruminahui-y-la-uess\/\" aria-label=\"Read more about Convenio interinstitucional entre el Universitario Rumi\u00f1ahui y la UEES\" tabindex=\"-1\" target=\"_blank\">\n\t\t\tLeer m\u00e1s\u00bb\t\t<\/a>\n\n\t\t\t\t<\/div>\n\t\t\t\t<\/article>\n\t\t\t\t<article class=\"elementor-post elementor-grid-item post-38993 post type-post status-publish format-standard has-post-thumbnail hentry category-universitario\" role=\"listitem\">\n\t\t\t\t<a class=\"elementor-post__thumbnail__link\" href=\"https:\/\/ister.edu.ec\/en\/eurobusines\/\" tabindex=\"-1\" target=\"&quot;_blank&quot;\">\n\t\t\t<div class=\"elementor-post__thumbnail\"><img loading=\"lazy\" decoding=\"async\" width=\"768\" height=\"768\" src=\"https:\/\/ister.edu.ec\/wp-content\/uploads\/WhatsApp-Image-2026-01-23-at-33242-PM-768x768.jpeg\" class=\"attachment-medium_large size-medium_large wp-image-39112\" alt=\"\" srcset=\"https:\/\/ister.edu.ec\/wp-content\/uploads\/WhatsApp-Image-2026-01-23-at-33242-PM-768x768.jpeg 768w, https:\/\/ister.edu.ec\/wp-content\/uploads\/WhatsApp-Image-2026-01-23-at-33242-PM-300x300.jpeg 300w, https:\/\/ister.edu.ec\/wp-content\/uploads\/WhatsApp-Image-2026-01-23-at-33242-PM-1024x1024.jpeg 1024w, https:\/\/ister.edu.ec\/wp-content\/uploads\/WhatsApp-Image-2026-01-23-at-33242-PM-150x150.jpeg 150w, https:\/\/ister.edu.ec\/wp-content\/uploads\/WhatsApp-Image-2026-01-23-at-33242-PM.jpeg 1100w\" sizes=\"(max-width: 768px) 100vw, 768px\" \/><\/div>\n\t\t<\/a>\n\t\t\t\t<div class=\"elementor-post__text\">\n\t\t\t\t<h3 class=\"elementor-post__title\">\n\t\t\t<a href=\"https:\/\/ister.edu.ec\/en\/eurobusines\/\" target=\"&quot;_blank&quot;\">\n\t\t\t\tEUROBUSINES\t\t\t<\/a>\n\t\t<\/h3>\n\t\t\t\t<div class=\"elementor-post__meta-data\">\n\t\t\t\t\t<span class=\"elementor-post-date\">\n\t\t\t23 de January de 2026\t\t<\/span>\n\t\t\t\t<\/div>\n\t\t\n\t\t<a class=\"elementor-post__read-more\" href=\"https:\/\/ister.edu.ec\/en\/eurobusines\/\" aria-label=\"Read more about EUROBUSINES\" tabindex=\"-1\" target=\"_blank\">\n\t\t\tLeer m\u00e1s\u00bb\t\t<\/a>\n\n\t\t\t\t<\/div>\n\t\t\t\t<\/article>\n\t\t\t\t<article class=\"elementor-post elementor-grid-item post-36283 post type-post status-publish format-standard has-post-thumbnail hentry category-campus category-universitario\" role=\"listitem\">\n\t\t\t\t<a class=\"elementor-post__thumbnail__link\" href=\"https:\/\/ister.edu.ec\/en\/alianza-estrategica-ister-universidad-ana-g-mendez-miami-uagm\/\" tabindex=\"-1\" target=\"&quot;_blank&quot;\">\n\t\t\t<div class=\"elementor-post__thumbnail\"><img loading=\"lazy\" decoding=\"async\" width=\"768\" height=\"768\" src=\"https:\/\/ister.edu.ec\/wp-content\/uploads\/banner-convenio-noticia-1-768x768.webp\" class=\"attachment-medium_large size-medium_large wp-image-36397\" alt=\"\" srcset=\"https:\/\/ister.edu.ec\/wp-content\/uploads\/banner-convenio-noticia-1-768x768.webp 768w, https:\/\/ister.edu.ec\/wp-content\/uploads\/banner-convenio-noticia-1-300x300.webp 300w, https:\/\/ister.edu.ec\/wp-content\/uploads\/banner-convenio-noticia-1-1024x1024.webp 1024w, https:\/\/ister.edu.ec\/wp-content\/uploads\/banner-convenio-noticia-1-150x150.webp 150w, https:\/\/ister.edu.ec\/wp-content\/uploads\/banner-convenio-noticia-1.webp 1080w\" sizes=\"(max-width: 768px) 100vw, 768px\" \/><\/div>\n\t\t<\/a>\n\t\t\t\t<div class=\"elementor-post__text\">\n\t\t\t\t<h3 class=\"elementor-post__title\">\n\t\t\t<a href=\"https:\/\/ister.edu.ec\/en\/alianza-estrategica-ister-universidad-ana-g-mendez-miami-uagm\/\" target=\"&quot;_blank&quot;\">\n\t\t\t\tStrategic Alliance ISTER \u2013 Ana G. M\u00e9ndez University Miami (UAGM)\t\t\t<\/a>\n\t\t<\/h3>\n\t\t\t\t<div class=\"elementor-post__meta-data\">\n\t\t\t\t\t<span class=\"elementor-post-date\">\n\t\t\t2 de December de 2025\t\t<\/span>\n\t\t\t\t<\/div>\n\t\t\n\t\t<a class=\"elementor-post__read-more\" href=\"https:\/\/ister.edu.ec\/en\/alianza-estrategica-ister-universidad-ana-g-mendez-miami-uagm\/\" aria-label=\"Read more about Alianza Estrat\u00e9gica ISTER \u2013 Universidad Ana G. M\u00e9ndez Miami (UAGM)\" tabindex=\"-1\" target=\"_blank\">\n\t\t\tLeer m\u00e1s\u00bb\t\t<\/a>\n\n\t\t\t\t<\/div>\n\t\t\t\t<\/article>\n\t\t\t\t<\/div>\n\t\t\n\t\t\t\t<div class=\"e-load-more-anchor\" data-page=\"1\" data-max-page=\"5\" data-next-page=\"https:\/\/ister.edu.ec\/en\/wp-json\/wp\/v2\/pages\/35313\/page\/2\/\"><\/div>\n\t\t\t\t<nav class=\"elementor-pagination\" aria-label=\"Pagination\">\n\t\t\t<span aria-current=\"page\" class=\"page-numbers current\"><span class=\"elementor-screen-only\">Page<\/span>1<\/span>\n<a class=\"page-numbers\" href=\"https:\/\/ister.edu.ec\/en\/wp-json\/wp\/v2\/pages\/35313\/page\/2\/\"><span class=\"elementor-screen-only\">Page<\/span>2<\/a>\n<a class=\"page-numbers\" href=\"https:\/\/ister.edu.ec\/en\/wp-json\/wp\/v2\/pages\/35313\/page\/3\/\"><span class=\"elementor-screen-only\">Page<\/span>3<\/a>\n<a class=\"page-numbers\" href=\"https:\/\/ister.edu.ec\/en\/wp-json\/wp\/v2\/pages\/35313\/page\/4\/\"><span class=\"elementor-screen-only\">Page<\/span>4<\/a>\n<a class=\"page-numbers\" href=\"https:\/\/ister.edu.ec\/en\/wp-json\/wp\/v2\/pages\/35313\/page\/5\/\"><span class=\"elementor-screen-only\">Page<\/span>5<\/a>\t\t<\/nav>\n\t\t\t\t\t\t<\/div>\n\t\t\t\t<\/div>\n\t\t\t\t\t<\/div>\n\t\t\t\t<\/div>\n\t\t\t\t<\/div>","protected":false},"excerpt":{"rendered":"<p>Tu Portal de Noticias y Eventos Mantente al d\u00eda con los eventos, avisos y noticias clave del Instituto Tecnol\u00f3gico Superior Universitario Rumi\u00f1ahui. Noticias Oficiales: del<\/p>","protected":false},"author":4,"featured_media":0,"parent":0,"menu_order":0,"comment_status":"closed","ping_status":"closed","template":"","meta":{"om_disable_all_campaigns":false,"_monsterinsights_skip_tracking":false,"_monsterinsights_sitenote_active":false,"_monsterinsights_sitenote_note":"","_monsterinsights_sitenote_category":0,"footnotes":""},"class_list":["post-35313","page","type-page","status-publish","hentry"],"aioseo_notices":[],"_links":{"self":[{"href":"https:\/\/ister.edu.ec\/en\/wp-json\/wp\/v2\/pages\/35313","targetHints":{"allow":["GET"]}}],"collection":[{"href":"https:\/\/ister.edu.ec\/en\/wp-json\/wp\/v2\/pages"}],"about":[{"href":"https:\/\/ister.edu.ec\/en\/wp-json\/wp\/v2\/types\/page"}],"author":[{"embeddable":true,"href":"https:\/\/ister.edu.ec\/en\/wp-json\/wp\/v2\/users\/4"}],"replies":[{"embeddable":true,"href":"https:\/\/ister.edu.ec\/en\/wp-json\/wp\/v2\/comments?post=35313"}],"version-history":[{"count":43,"href":"https:\/\/ister.edu.ec\/en\/wp-json\/wp\/v2\/pages\/35313\/revisions"}],"predecessor-version":[{"id":39281,"href":"https:\/\/ister.edu.ec\/en\/wp-json\/wp\/v2\/pages\/35313\/revisions\/39281"}],"wp:attachment":[{"href":"https:\/\/ister.edu.ec\/en\/wp-json\/wp\/v2\/media?parent=35313"}],"curies":[{"name":"wp","href":"https:\/\/api.w.org\/{rel}","templated":true}]}}