{"id":3642,"date":"2022-09-26T16:07:53","date_gmt":"2022-09-26T21:07:53","guid":{"rendered":"http:\/\/localhost\/wordpress\/?page_id=3642"},"modified":"2026-02-02T15:04:52","modified_gmt":"2026-02-02T20:04:52","slug":"instituto-acreditado","status":"publish","type":"page","link":"https:\/\/ister.edu.ec\/en\/instituto-acreditado\/","title":{"rendered":"Instituci\u00f3n acreditada"},"content":{"rendered":"<div data-elementor-type=\"wp-page\" data-elementor-id=\"3642\" class=\"elementor elementor-3642\" data-elementor-post-type=\"page\">\n\t\t\t\t\t\t<section class=\"elementor-section elementor-top-section elementor-element elementor-element-2e542e5e elementor-section-content-middle elementor-section-boxed elementor-section-height-default elementor-section-height-default\" data-id=\"2e542e5e\" data-element_type=\"section\" data-e-type=\"section\" data-settings=\"{&quot;background_background&quot;:&quot;classic&quot;}\">\n\t\t\t\t\t\t\t<div class=\"elementor-background-overlay\"><\/div>\n\t\t\t\t\t\t\t<div class=\"elementor-container elementor-column-gap-default\">\n\t\t\t\t\t<div class=\"elementor-column elementor-col-50 elementor-top-column elementor-element elementor-element-2b73e0bf\" data-id=\"2b73e0bf\" data-element_type=\"column\" data-e-type=\"column\" data-settings=\"{&quot;background_background&quot;:&quot;classic&quot;}\">\n\t\t\t<div class=\"elementor-widget-wrap elementor-element-populated\">\n\t\t\t\t\t\t<div class=\"elementor-element elementor-element-30dec578 elementor-widget elementor-widget-heading\" data-id=\"30dec578\" data-element_type=\"widget\" data-e-type=\"widget\" data-widget_type=\"heading.default\">\n\t\t\t\t<div class=\"elementor-widget-container\">\n\t\t\t\t\t<h2 class=\"elementor-heading-title elementor-size-default\">PRIMERA INSTITUCI\u00d3N del ecuador  APROBADA PARA OTORGAR<\/h2>\t\t\t\t<\/div>\n\t\t\t\t<\/div>\n\t\t\t\t<div class=\"elementor-element elementor-element-c390d29 elementor-widget elementor-widget-heading\" data-id=\"c390d29\" data-element_type=\"widget\" data-e-type=\"widget\" data-widget_type=\"heading.default\">\n\t\t\t\t<div class=\"elementor-widget-container\">\n\t\t\t\t\t<h2 class=\"elementor-heading-title elementor-size-default\">MAESTR\u00cdAS TECNOL\u00d3GICAS<\/h2>\t\t\t\t<\/div>\n\t\t\t\t<\/div>\n\t\t\t\t\t<\/div>\n\t\t<\/div>\n\t\t\t\t<div class=\"elementor-column elementor-col-50 elementor-top-column elementor-element elementor-element-653c5e5b elementor-hidden-tablet elementor-hidden-phone\" data-id=\"653c5e5b\" data-element_type=\"column\" data-e-type=\"column\">\n\t\t\t<div class=\"elementor-widget-wrap\">\n\t\t\t\t\t\t\t<\/div>\n\t\t<\/div>\n\t\t\t\t\t<\/div>\n\t\t<\/section>\n\t\t<div class=\"elementor-element elementor-element-b294913 e-flex e-con-boxed e-con e-parent\" data-id=\"b294913\" data-element_type=\"container\" data-e-type=\"container\" data-settings=\"{&quot;background_background&quot;:&quot;classic&quot;}\">\n\t\t\t\t\t<div class=\"e-con-inner\">\n\t\t<div class=\"elementor-element elementor-element-facc0de e-con-full e-flex e-con e-child\" data-id=\"facc0de\" data-element_type=\"container\" data-e-type=\"container\">\n\t\t\t\t<div class=\"elementor-element elementor-element-5becbe2 elementor-widget elementor-widget-heading\" data-id=\"5becbe2\" data-element_type=\"widget\" data-e-type=\"widget\" data-widget_type=\"heading.default\">\n\t\t\t\t<div class=\"elementor-widget-container\">\n\t\t\t\t\t<h2 class=\"elementor-heading-title elementor-size-default\">PORQU\u00c9 ESCOGER EL<\/h2>\t\t\t\t<\/div>\n\t\t\t\t<\/div>\n\t\t\t\t<div class=\"elementor-element elementor-element-80448a4 elementor-widget elementor-widget-heading\" data-id=\"80448a4\" data-element_type=\"widget\" data-e-type=\"widget\" data-widget_type=\"heading.default\">\n\t\t\t\t<div class=\"elementor-widget-container\">\n\t\t\t\t\t<h2 class=\"elementor-heading-title elementor-size-default\">UNIVERSITARIO RUMI\u00d1AHUI<\/h2>\t\t\t\t<\/div>\n\t\t\t\t<\/div>\n\t\t\t\t<div class=\"elementor-element elementor-element-7580035 elementor-widget elementor-widget-text-editor\" data-id=\"7580035\" data-element_type=\"widget\" data-e-type=\"widget\" data-widget_type=\"text-editor.default\">\n\t\t\t\t<div class=\"elementor-widget-container\">\n\t\t\t\t\t\t\t\t\t<p>El Universitario Rumi\u00f1ahui se destaca como la mejor instituci\u00f3n de educaci\u00f3n superior tecnol\u00f3gica de calidad en Ecuador. Con una amplia gama de programas de grado y posgrado en diversas \u00e1reas del conocimiento, la instituci\u00f3n ofrece a los estudiantes la posibilidad de encontrar el programa que mejor se adapte a sus intereses y metas profesionales.<\/p><p>Contamos con un cuerpo docente altamente calificado y comprometido, dedicado a guiar y apoyar a los estudiantes en su proceso de aprendizaje y formaci\u00f3n integral. Con un enfoque en la formaci\u00f3n pr\u00e1ctica y la investigaci\u00f3n aplicada, El Universitario Rumi\u00f1ahui brinda a los estudiantes la oportunidad de desarrollarse tanto acad\u00e9mica como personalmente.<\/p>\t\t\t\t\t\t\t\t<\/div>\n\t\t\t\t<\/div>\n\t\t\t\t<div class=\"elementor-element elementor-element-e23d382 elementor-widget elementor-widget-jkit_button\" data-id=\"e23d382\" data-element_type=\"widget\" data-e-type=\"widget\" data-widget_type=\"jkit_button.default\">\n\t\t\t\t<div class=\"elementor-widget-container\">\n\t\t\t\t\t<div  class=\"jeg-elementor-kit jkit-button  icon-position-before jeg_module___69f1d45940df3\" ><a href=\"https:\/\/ister.edu.ec\/en\/el-tec-ruminahui\/\" class=\"jkit-button-wrapper\">CONOCE M\u00c1S<\/a><\/div>\t\t\t\t<\/div>\n\t\t\t\t<\/div>\n\t\t\t\t<div class=\"elementor-element elementor-element-6cd363f elementor-widget elementor-widget-spacer\" data-id=\"6cd363f\" data-element_type=\"widget\" data-e-type=\"widget\" data-widget_type=\"spacer.default\">\n\t\t\t\t<div class=\"elementor-widget-container\">\n\t\t\t\t\t\t\t<div class=\"elementor-spacer\">\n\t\t\t<div class=\"elementor-spacer-inner\"><\/div>\n\t\t<\/div>\n\t\t\t\t\t\t<\/div>\n\t\t\t\t<\/div>\n\t\t<div class=\"elementor-element elementor-element-1f32052 e-con-full e-flex e-con e-child\" data-id=\"1f32052\" data-element_type=\"container\" data-e-type=\"container\">\n\t\t<div class=\"elementor-element elementor-element-8acb5df e-con-full e-flex e-con e-child\" data-id=\"8acb5df\" data-element_type=\"container\" data-e-type=\"container\">\n\t\t\t\t<div class=\"elementor-element elementor-element-14b4610 jkit-equal-height-disable elementor-widget elementor-widget-jkit_icon_box\" data-id=\"14b4610\" data-element_type=\"widget\" data-e-type=\"widget\" data-widget_type=\"jkit_icon_box.default\">\n\t\t\t\t<div class=\"elementor-widget-container\">\n\t\t\t\t\t<div  class=\"jeg-elementor-kit jkit-icon-box icon-position- elementor-animation- jeg_module__1_69f1d459439c0\" ><div class=\"jkit-icon-box-wrapper hover-from-left\"><div class=\"icon-box icon-box-header elementor-animation-\"><div class=\"icon style-color\"><i aria-hidden=\"true\" class=\"icon icon-review\"><\/i><\/div><\/div><div class=\"icon-box icon-box-body\">\n                <h2 class=\"title\">Desarollo personal<\/h2><p class=\"icon-box-description\">Como fortaleza nuestras muchas comunidades y los seres humanos que se desarrollan y crecen dentro de la misma.\n<\/p>\n            <\/div>\n            \n            <\/div><\/div>\t\t\t\t<\/div>\n\t\t\t\t<\/div>\n\t\t\t\t<\/div>\n\t\t<div class=\"elementor-element elementor-element-ceb73ca e-con-full e-flex e-con e-child\" data-id=\"ceb73ca\" data-element_type=\"container\" data-e-type=\"container\">\n\t\t\t\t<div class=\"elementor-element elementor-element-4c39cf2 jkit-equal-height-disable elementor-widget elementor-widget-jkit_icon_box\" data-id=\"4c39cf2\" data-element_type=\"widget\" data-e-type=\"widget\" data-widget_type=\"jkit_icon_box.default\">\n\t\t\t\t<div class=\"elementor-widget-container\">\n\t\t\t\t\t<div  class=\"jeg-elementor-kit jkit-icon-box icon-position- elementor-animation- jeg_module__2_69f1d45944b1a\" ><div class=\"jkit-icon-box-wrapper hover-from-left\"><div class=\"icon-box icon-box-header elementor-animation-\"><div class=\"icon style-color\"><i aria-hidden=\"true\" class=\"icon icon-star\"><\/i><\/div><\/div><div class=\"icon-box icon-box-body\">\n                <h2 class=\"title\">Espiritualidad<\/h2><p class=\"icon-box-description\">Los estudiantes, ex alumnos, profesores y personal del Univesitario Rumi\u00f1ahui est\u00e1n comprometidos a marcar la diferencia en sus comunidades.<\/p>\n            <\/div>\n            \n            <\/div><\/div>\t\t\t\t<\/div>\n\t\t\t\t<\/div>\n\t\t\t\t<\/div>\n\t\t<div class=\"elementor-element elementor-element-419f4d8 e-con-full e-flex e-con e-child\" data-id=\"419f4d8\" data-element_type=\"container\" data-e-type=\"container\">\n\t\t\t\t<div class=\"elementor-element elementor-element-be6c776 jkit-equal-height-disable elementor-widget elementor-widget-jkit_icon_box\" data-id=\"be6c776\" data-element_type=\"widget\" data-e-type=\"widget\" data-widget_type=\"jkit_icon_box.default\">\n\t\t\t\t<div class=\"elementor-widget-container\">\n\t\t\t\t\t<div  class=\"jeg-elementor-kit jkit-icon-box icon-position- elementor-animation- jeg_module__3_69f1d459459be\" ><div class=\"jkit-icon-box-wrapper hover-from-left\"><div class=\"icon-box icon-box-header elementor-animation-\"><div class=\"icon style-color\"><i aria-hidden=\"true\" class=\"jki jki-agenda-1-light\"><\/i><\/div><\/div><div class=\"icon-box icon-box-body\">\n                <h2 class=\"title\">Alumni<\/h2><p class=\"icon-box-description\">Nos enfocamos en crear una comunidad de pertenencia que persiga objetivos de diversidad y oportunidades de aprendizaje m\u00e1s equitativas.\n<\/p>\n            <\/div>\n            \n            <\/div><\/div>\t\t\t\t<\/div>\n\t\t\t\t<\/div>\n\t\t\t\t<div class=\"elementor-element elementor-element-8d0076a elementor-fixed elementor-invisible elementor-widget elementor-widget-button\" data-id=\"8d0076a\" data-element_type=\"widget\" data-e-type=\"widget\" data-settings=\"{&quot;_position&quot;:&quot;fixed&quot;,&quot;_animation&quot;:&quot;fadeInLeft&quot;}\" data-widget_type=\"button.default\">\n\t\t\t\t<div class=\"elementor-widget-container\">\n\t\t\t\t\t\t\t\t\t<div class=\"elementor-button-wrapper\">\n\t\t\t\t\t<a class=\"elementor-button elementor-button-link elementor-size-sm\" href=\"https:\/\/ister.edu.ec\/en\/matriculate\/\">\n\t\t\t\t\t\t<span class=\"elementor-button-content-wrapper\">\n\t\t\t\t\t\t\t\t\t<span class=\"elementor-button-text\">APPLY NOW!<\/span>\n\t\t\t\t\t<\/span>\n\t\t\t\t\t<\/a>\n\t\t\t\t<\/div>\n\t\t\t\t\t\t\t\t<\/div>\n\t\t\t\t<\/div>\n\t\t\t\t<\/div>\n\t\t\t\t<\/div>\n\t\t\t\t<\/div>\n\t\t\t\t\t<\/div>\n\t\t\t\t<\/div>\n\t\t<div class=\"elementor-element elementor-element-cb05ca6 e-flex e-con-boxed e-con e-parent\" data-id=\"cb05ca6\" data-element_type=\"container\" data-e-type=\"container\">\n\t\t\t\t\t<div class=\"e-con-inner\">\n\t\t<div class=\"elementor-element elementor-element-30c1e08 e-con-full e-flex e-con e-child\" data-id=\"30c1e08\" data-element_type=\"container\" data-e-type=\"container\">\n\t\t\t\t<div class=\"elementor-element elementor-element-cf43806 elementor-widget elementor-widget-heading\" data-id=\"cf43806\" data-element_type=\"widget\" data-e-type=\"widget\" data-widget_type=\"heading.default\">\n\t\t\t\t<div class=\"elementor-widget-container\">\n\t\t\t\t\t<h2 class=\"elementor-heading-title elementor-size-default\">Instituci\u00f3n acreditada<\/h2>\t\t\t\t<\/div>\n\t\t\t\t<\/div>\n\t\t\t\t<div class=\"elementor-element elementor-element-52125b5 elementor-widget elementor-widget-text-editor\" data-id=\"52125b5\" data-element_type=\"widget\" data-e-type=\"widget\" data-widget_type=\"text-editor.default\">\n\t\t\t\t<div class=\"elementor-widget-container\">\n\t\t\t\t\t\t\t\t\t<p>La Presidenta del Consejo de Aseguramiento de la Calidad de la Educaci\u00f3n Superior, Ximena C\u00f3rdova, PhD, otorg\u00f3 el reconocimiento de cualificaci\u00f3n a las m\u00e1ximas autoridades del Universitario Rumi\u00f1ahui, el Dr. \u00c1ngel Ernesto Huerta, Rector y la Dra. Carmita Su\u00e1rez, Vicerrectora Financiera, esto permitir\u00e1 que se oferten programas de postgrado tecnol\u00f3gicos; para garantizar una educaci\u00f3n de calidad, promoviendo oportunidades de aprendizaje que se encuentren a la vanguardia tecnol\u00f3gica.<\/p>\t\t\t\t\t\t\t\t<\/div>\n\t\t\t\t<\/div>\n\t\t\t\t<div class=\"elementor-element elementor-element-b4f96e5 elementor-widget elementor-widget-image\" data-id=\"b4f96e5\" data-element_type=\"widget\" data-e-type=\"widget\" data-widget_type=\"image.default\">\n\t\t\t\t<div class=\"elementor-widget-container\">\n\t\t\t\t\t\t\t\t\t\t\t\t\t\t\t<img fetchpriority=\"high\" decoding=\"async\" width=\"768\" height=\"1085\" src=\"https:\/\/ister.edu.ec\/wp-content\/uploads\/RESOLUCION-CACES-768x1085.png\" class=\"attachment-medium_large size-medium_large wp-image-9441\" alt=\"\" srcset=\"https:\/\/ister.edu.ec\/wp-content\/uploads\/RESOLUCION-CACES-768x1085.png 768w, https:\/\/ister.edu.ec\/wp-content\/uploads\/RESOLUCION-CACES-212x300.png 212w, https:\/\/ister.edu.ec\/wp-content\/uploads\/RESOLUCION-CACES-725x1024.png 725w, https:\/\/ister.edu.ec\/wp-content\/uploads\/RESOLUCION-CACES-1087x1536.png 1087w, https:\/\/ister.edu.ec\/wp-content\/uploads\/RESOLUCION-CACES-1450x2048.png 1450w, https:\/\/ister.edu.ec\/wp-content\/uploads\/RESOLUCION-CACES.png 1938w\" sizes=\"(max-width: 768px) 100vw, 768px\" title=\"RESOLUCION CACES - Tecnol\u00f3gico Universitario Rumi\u00f1ahui\" \/>\t\t\t\t\t\t\t\t\t\t\t\t\t\t\t<\/div>\n\t\t\t\t<\/div>\n\t\t\t\t<\/div>\n\t\t\t\t\t<\/div>\n\t\t\t\t<\/div>\n\t\t<div class=\"elementor-element elementor-element-fd61c03 e-flex e-con-boxed e-con e-parent\" data-id=\"fd61c03\" data-element_type=\"container\" data-e-type=\"container\">\n\t\t\t\t\t<div class=\"e-con-inner\">\n\t\t<div class=\"elementor-element elementor-element-3719eaf e-con-full e-flex e-con e-child\" data-id=\"3719eaf\" data-element_type=\"container\" data-e-type=\"container\">\n\t\t\t\t<div class=\"elementor-element elementor-element-e04b2a5 elementor-widget elementor-widget-text-editor\" data-id=\"e04b2a5\" data-element_type=\"widget\" data-e-type=\"widget\" data-widget_type=\"text-editor.default\">\n\t\t\t\t<div class=\"elementor-widget-container\">\n\t\t\t\t\t\t\t\t\t<p>El Universitario Rumi\u00f1ahui se dedica a la excelencia en la ense\u00f1anza, el aprendizaje y la investigaci\u00f3n, y al desarrollo de l\u00edderes en todas las disciplinas que marcan una diferencia positiva en su entorno, motivos que avalan nuestra acreditaci\u00f3n de Educaci\u00f3n Superior.<\/p>\t\t\t\t\t\t\t\t<\/div>\n\t\t\t\t<\/div>\n\t\t\t\t<div class=\"elementor-element elementor-element-088b05b elementor-widget elementor-widget-image\" data-id=\"088b05b\" data-element_type=\"widget\" data-e-type=\"widget\" data-widget_type=\"image.default\">\n\t\t\t\t<div class=\"elementor-widget-container\">\n\t\t\t\t\t\t\t\t\t\t\t\t\t\t\t<img decoding=\"async\" width=\"800\" height=\"514\" src=\"https:\/\/ister.edu.ec\/wp-content\/uploads\/ACREDITACION-1-1024x658.jpg\" class=\"attachment-large size-large wp-image-6090\" alt=\"\" srcset=\"https:\/\/ister.edu.ec\/wp-content\/uploads\/ACREDITACION-1-1024x658.jpg 1024w, https:\/\/ister.edu.ec\/wp-content\/uploads\/ACREDITACION-1-300x193.jpg 300w, https:\/\/ister.edu.ec\/wp-content\/uploads\/ACREDITACION-1-768x493.jpg 768w, https:\/\/ister.edu.ec\/wp-content\/uploads\/ACREDITACION-1-1536x987.jpg 1536w, https:\/\/ister.edu.ec\/wp-content\/uploads\/ACREDITACION-1-2048x1316.jpg 2048w\" sizes=\"(max-width: 800px) 100vw, 800px\" title=\"Imprimir - Tecnol\u00f3gico Universitario Rumi\u00f1ahui\" \/>\t\t\t\t\t\t\t\t\t\t\t\t\t\t\t<\/div>\n\t\t\t\t<\/div>\n\t\t\t\t<div class=\"elementor-element elementor-element-d884126 elementor-widget elementor-widget-text-editor\" data-id=\"d884126\" data-element_type=\"widget\" data-e-type=\"widget\" data-widget_type=\"text-editor.default\">\n\t\t\t\t<div class=\"elementor-widget-container\">\n\t\t\t\t\t\t\t\t\t<p>El Universitario Rumi\u00f1ahui fue evaluado y acreditado por el CEAACES como uno de los mejores institutos de pa\u00eds, es parte del Sistema Nacional de Educaci\u00f3n Superior y funciona con el registro N 17-055-B, CONESUP y 2198 SENESCYT.<\/p>\t\t\t\t\t\t\t\t<\/div>\n\t\t\t\t<\/div>\n\t\t\t\t<div class=\"elementor-element elementor-element-6293e16 elementor-widget elementor-widget-image\" data-id=\"6293e16\" data-element_type=\"widget\" data-e-type=\"widget\" data-widget_type=\"image.default\">\n\t\t\t\t<div class=\"elementor-widget-container\">\n\t\t\t\t\t\t\t\t\t\t\t\t\t\t\t<img decoding=\"async\" width=\"800\" height=\"558\" src=\"https:\/\/ister.edu.ec\/wp-content\/uploads\/CONSEJO-DE-EVALUACION-ACREDITACION-Y-ASEGURAMIENTO-1-1024x714.webp\" class=\"attachment-large size-large wp-image-31649\" alt=\"\" srcset=\"https:\/\/ister.edu.ec\/wp-content\/uploads\/CONSEJO-DE-EVALUACION-ACREDITACION-Y-ASEGURAMIENTO-1-1024x714.webp 1024w, https:\/\/ister.edu.ec\/wp-content\/uploads\/CONSEJO-DE-EVALUACION-ACREDITACION-Y-ASEGURAMIENTO-1-300x209.webp 300w, https:\/\/ister.edu.ec\/wp-content\/uploads\/CONSEJO-DE-EVALUACION-ACREDITACION-Y-ASEGURAMIENTO-1-768x536.webp 768w, https:\/\/ister.edu.ec\/wp-content\/uploads\/CONSEJO-DE-EVALUACION-ACREDITACION-Y-ASEGURAMIENTO-1-1536x1071.webp 1536w, https:\/\/ister.edu.ec\/wp-content\/uploads\/CONSEJO-DE-EVALUACION-ACREDITACION-Y-ASEGURAMIENTO-1-2048x1428.webp 2048w\" sizes=\"(max-width: 800px) 100vw, 800px\" title=\"CONSEJO-DE-EVALUACION-ACREDITACION-Y-ASEGURAMIENTO-1 - Tecnol\u00f3gico Universitario Rumi\u00f1ahui\" \/>\t\t\t\t\t\t\t\t\t\t\t\t\t\t\t<\/div>\n\t\t\t\t<\/div>\n\t\t\t\t<\/div>\n\t\t\t\t\t<\/div>\n\t\t\t\t<\/div>\n\t\t\t\t<\/div>","protected":false},"excerpt":{"rendered":"<p>PRIMERA INSTITUCI\u00d3N del ecuador APROBADA PARA OTORGAR MAESTR\u00cdAS TECNOL\u00d3GICAS PORQU\u00c9 ESCOGER EL UNIVERSITARIO RUMI\u00d1AHUI El Universitario Rumi\u00f1ahui se destaca como la mejor instituci\u00f3n de educaci\u00f3n superior tecnol\u00f3gica de calidad en Ecuador. Con una amplia gama de programas de grado y posgrado en diversas \u00e1reas del conocimiento, la instituci\u00f3n ofrece a los estudiantes la posibilidad de [&hellip;]<\/p>\n","protected":false},"author":4,"featured_media":0,"parent":0,"menu_order":0,"comment_status":"closed","ping_status":"closed","template":"elementor_header_footer","meta":{"om_disable_all_campaigns":false,"_monsterinsights_skip_tracking":false,"_monsterinsights_sitenote_active":false,"_monsterinsights_sitenote_note":"","_monsterinsights_sitenote_category":0,"footnotes":""},"class_list":["post-3642","page","type-page","status-publish","hentry"],"aioseo_notices":[],"_links":{"self":[{"href":"https:\/\/ister.edu.ec\/en\/wp-json\/wp\/v2\/pages\/3642","targetHints":{"allow":["GET"]}}],"collection":[{"href":"https:\/\/ister.edu.ec\/en\/wp-json\/wp\/v2\/pages"}],"about":[{"href":"https:\/\/ister.edu.ec\/en\/wp-json\/wp\/v2\/types\/page"}],"author":[{"embeddable":true,"href":"https:\/\/ister.edu.ec\/en\/wp-json\/wp\/v2\/users\/4"}],"replies":[{"embeddable":true,"href":"https:\/\/ister.edu.ec\/en\/wp-json\/wp\/v2\/comments?post=3642"}],"version-history":[{"count":95,"href":"https:\/\/ister.edu.ec\/en\/wp-json\/wp\/v2\/pages\/3642\/revisions"}],"predecessor-version":[{"id":39657,"href":"https:\/\/ister.edu.ec\/en\/wp-json\/wp\/v2\/pages\/3642\/revisions\/39657"}],"wp:attachment":[{"href":"https:\/\/ister.edu.ec\/en\/wp-json\/wp\/v2\/media?parent=3642"}],"curies":[{"name":"wp","href":"https:\/\/api.w.org\/{rel}","templated":true}]}}