{"id":9485,"date":"2023-07-03T11:22:25","date_gmt":"2023-07-03T16:22:25","guid":{"rendered":"https:\/\/ister.edu.ec\/?page_id=9485"},"modified":"2026-02-02T15:00:53","modified_gmt":"2026-02-02T20:00:53","slug":"planificacion-institucional-2","status":"publish","type":"page","link":"https:\/\/ister.edu.ec\/en\/planificacion-institucional-2\/","title":{"rendered":"Rendici\u00f3n de Cuentas"},"content":{"rendered":"<div data-elementor-type=\"wp-page\" data-elementor-id=\"9485\" class=\"elementor elementor-9485\" data-elementor-post-type=\"page\">\n\t\t\t\t\t\t<section class=\"elementor-section elementor-top-section elementor-element elementor-element-56351bbe elementor-section-content-middle elementor-section-boxed elementor-section-height-default elementor-section-height-default\" data-id=\"56351bbe\" data-element_type=\"section\" data-e-type=\"section\" data-settings=\"{&quot;background_background&quot;:&quot;classic&quot;}\">\n\t\t\t\t\t\t\t<div class=\"elementor-background-overlay\"><\/div>\n\t\t\t\t\t\t\t<div class=\"elementor-container elementor-column-gap-default\">\n\t\t\t\t\t<div class=\"elementor-column elementor-col-50 elementor-top-column elementor-element elementor-element-10520806\" data-id=\"10520806\" data-element_type=\"column\" data-e-type=\"column\" data-settings=\"{&quot;background_background&quot;:&quot;classic&quot;}\">\n\t\t\t<div class=\"elementor-widget-wrap elementor-element-populated\">\n\t\t\t\t\t\t<div class=\"elementor-element elementor-element-7bffdf3a elementor-widget elementor-widget-heading\" data-id=\"7bffdf3a\" data-element_type=\"widget\" data-e-type=\"widget\" data-widget_type=\"heading.default\">\n\t\t\t\t<div class=\"elementor-widget-container\">\n\t\t\t\t\t<h2 class=\"elementor-heading-title elementor-size-default\">OBJETIVOS CUMPLIDOS EN NUESTRA<\/h2>\t\t\t\t<\/div>\n\t\t\t\t<\/div>\n\t\t\t\t<div class=\"elementor-element elementor-element-7cdfc6bb elementor-widget elementor-widget-heading\" data-id=\"7cdfc6bb\" data-element_type=\"widget\" data-e-type=\"widget\" data-widget_type=\"heading.default\">\n\t\t\t\t<div class=\"elementor-widget-container\">\n\t\t\t\t\t<h2 class=\"elementor-heading-title elementor-size-default\">RENDICI\u00d3N DE CUENTAS<\/h2>\t\t\t\t<\/div>\n\t\t\t\t<\/div>\n\t\t\t\t\t<\/div>\n\t\t<\/div>\n\t\t\t\t<div class=\"elementor-column elementor-col-50 elementor-top-column elementor-element elementor-element-5b0ab4a elementor-hidden-tablet elementor-hidden-phone\" data-id=\"5b0ab4a\" data-element_type=\"column\" data-e-type=\"column\">\n\t\t\t<div class=\"elementor-widget-wrap\">\n\t\t\t\t\t\t\t<\/div>\n\t\t<\/div>\n\t\t\t\t\t<\/div>\n\t\t<\/section>\n\t\t<div class=\"elementor-element elementor-element-2e9b76c e-flex e-con-boxed e-con e-parent\" data-id=\"2e9b76c\" data-element_type=\"container\" data-e-type=\"container\">\n\t\t\t\t\t<div class=\"e-con-inner\">\n\t\t<div class=\"elementor-element elementor-element-783b579 e-con-full e-flex e-con e-child\" data-id=\"783b579\" data-element_type=\"container\" data-e-type=\"container\">\n\t\t\t\t<div class=\"elementor-element elementor-element-39ab4cd elementor-widget elementor-widget-spacer\" data-id=\"39ab4cd\" data-element_type=\"widget\" data-e-type=\"widget\" data-widget_type=\"spacer.default\">\n\t\t\t\t<div class=\"elementor-widget-container\">\n\t\t\t\t\t\t\t<div class=\"elementor-spacer\">\n\t\t\t<div class=\"elementor-spacer-inner\"><\/div>\n\t\t<\/div>\n\t\t\t\t\t\t<\/div>\n\t\t\t\t<\/div>\n\t\t\t\t<div class=\"elementor-element elementor-element-7bc1c07 elementor-widget elementor-widget-text-editor\" data-id=\"7bc1c07\" data-element_type=\"widget\" data-e-type=\"widget\" data-widget_type=\"text-editor.default\">\n\t\t\t\t<div class=\"elementor-widget-container\">\n\t\t\t\t\t\t\t\t\t<p><span style=\"font-family: var( --e-global-typography-primary-font-family ), Sans-serif; font-size: var( --e-global-typography-primary-font-size ); font-weight: var( --e-global-typography-primary-font-weight ); letter-spacing: var( --e-global-typography-primary-letter-spacing ); word-spacing: var( --e-global-typography-primary-word-spacing );\">La rendici\u00f3n de cuentas es un pilar en la cultura institucional del Universitario Rumi\u00f1ahui, garantizando as\u00ed la transparencia en su actuar y fomentando la participaci\u00f3n activa de todos los actores involucrados en su misi\u00f3n educativa, <\/span><span style=\"font-family: var( --e-global-typography-primary-font-family ), Sans-serif; font-size: var( --e-global-typography-primary-font-size ); font-weight: var( --e-global-typography-primary-font-weight ); letter-spacing: var( --e-global-typography-primary-letter-spacing ); word-spacing: var( --e-global-typography-primary-word-spacing );\">informando de manera clara y precisa sobre su gesti\u00f3n, tanto en t\u00e9rminos de recursos como de resultados obtenidos. Nos enfocamos por mantener una comunicaci\u00f3n abierta con diferentes grupos de inter\u00e9s, incluyendo estudiantes, docentes, personal administrativo y la comunidad en general.\u00a0<\/span><\/p>\t\t\t\t\t\t\t\t<\/div>\n\t\t\t\t<\/div>\n\t\t\t\t<div class=\"elementor-element elementor-element-e2d6a30 elementor-fixed elementor-invisible elementor-widget elementor-widget-button\" data-id=\"e2d6a30\" data-element_type=\"widget\" data-e-type=\"widget\" data-settings=\"{&quot;_position&quot;:&quot;fixed&quot;,&quot;_animation&quot;:&quot;fadeInLeft&quot;}\" data-widget_type=\"button.default\">\n\t\t\t\t<div class=\"elementor-widget-container\">\n\t\t\t\t\t\t\t\t\t<div class=\"elementor-button-wrapper\">\n\t\t\t\t\t<a class=\"elementor-button elementor-button-link elementor-size-sm\" href=\"https:\/\/ister.edu.ec\/en\/matriculate\/\">\n\t\t\t\t\t\t<span class=\"elementor-button-content-wrapper\">\n\t\t\t\t\t\t\t\t\t<span class=\"elementor-button-text\">APPLY NOW!<\/span>\n\t\t\t\t\t<\/span>\n\t\t\t\t\t<\/a>\n\t\t\t\t<\/div>\n\t\t\t\t\t\t\t\t<\/div>\n\t\t\t\t<\/div>\n\t\t\t\t<\/div>\n\t\t\t\t\t<\/div>\n\t\t\t\t<\/div>\n\t\t<div class=\"elementor-element elementor-element-c6bb7d8 e-flex e-con-boxed e-con e-parent\" data-id=\"c6bb7d8\" data-element_type=\"container\" data-e-type=\"container\">\n\t\t\t\t\t<div class=\"e-con-inner\">\n\t\t<div class=\"elementor-element elementor-element-aa05bf6 e-con-full e-flex e-con e-child\" data-id=\"aa05bf6\" data-element_type=\"container\" data-e-type=\"container\">\n\t\t\t\t<div class=\"elementor-element elementor-element-8994d9c elementor-widget elementor-widget-html\" data-id=\"8994d9c\" data-element_type=\"widget\" data-e-type=\"widget\" data-widget_type=\"html.default\">\n\t\t\t\t<div class=\"elementor-widget-container\">\n\t\t\t\t\t<script src=\"https:\/\/ajax.googleapis.com\/ajax\/libs\/jquery\/3.6.0\/jquery.min.js\"><\/script>\n<script type=\"text\/javascript\">\n$(document).ready(function(){\n$('.btn34').on(\"click\",function(e){\n $('.contenido34').slideToggle(\"slow\");\nreturn false;\n });\n});\n<\/script>\t\t\t\t<\/div>\n\t\t\t\t<\/div>\n\t\t\t\t<div class=\"elementor-element elementor-element-fe5873b elementor-widget elementor-widget-image\" data-id=\"fe5873b\" data-element_type=\"widget\" data-e-type=\"widget\" data-widget_type=\"image.default\">\n\t\t\t\t<div class=\"elementor-widget-container\">\n\t\t\t\t\t\t\t\t\t\t\t\t\t\t\t\t<a href=\"https:\/\/ister.edu.ec\/wp-content\/uploads\/RENDICION_DE_CUENTAS_2024_-CES-U.pdf\" target=\"_blank\">\n\t\t\t\t\t\t\t<img fetchpriority=\"high\" decoding=\"async\" width=\"800\" height=\"800\" src=\"https:\/\/ister.edu.ec\/wp-content\/uploads\/Rendicion-de-cuentas-2024-universitario-ruminahui-1.webp\" class=\"attachment-large size-large wp-image-36574\" alt=\"\" srcset=\"https:\/\/ister.edu.ec\/wp-content\/uploads\/Rendicion-de-cuentas-2024-universitario-ruminahui-1.webp 1024w, https:\/\/ister.edu.ec\/wp-content\/uploads\/Rendicion-de-cuentas-2024-universitario-ruminahui-1-300x300.webp 300w, https:\/\/ister.edu.ec\/wp-content\/uploads\/Rendicion-de-cuentas-2024-universitario-ruminahui-1-150x150.webp 150w, https:\/\/ister.edu.ec\/wp-content\/uploads\/Rendicion-de-cuentas-2024-universitario-ruminahui-1-768x768.webp 768w\" sizes=\"(max-width: 800px) 100vw, 800px\" title=\"Rendicion-de-cuentas-2024 universitario rumi\u00f1ahui 1 - Tecnol\u00f3gico Universitario Rumi\u00f1ahui\" \/>\t\t\t\t\t\t\t\t<\/a>\n\t\t\t\t\t\t\t\t\t\t\t\t\t\t\t<\/div>\n\t\t\t\t<\/div>\n\t\t\t\t<div class=\"elementor-element elementor-element-4b219c7 elementor-align-center btn34 elementor-widget elementor-widget-button\" data-id=\"4b219c7\" data-element_type=\"widget\" data-e-type=\"widget\" data-widget_type=\"button.default\">\n\t\t\t\t<div class=\"elementor-widget-container\">\n\t\t\t\t\t\t\t\t\t<div class=\"elementor-button-wrapper\">\n\t\t\t\t\t<a class=\"elementor-button elementor-button-link elementor-size-sm\" href=\"#\">\n\t\t\t\t\t\t<span class=\"elementor-button-content-wrapper\">\n\t\t\t\t\t\t<span class=\"elementor-button-icon\">\n\t\t\t\t<svg aria-hidden=\"true\" class=\"e-font-icon-svg e-fas-file-pdf\" viewbox=\"0 0 384 512\" xmlns=\"http:\/\/www.w3.org\/2000\/svg\"><path d=\"M181.9 256.1c-5-16-4.9-46.9-2-46.9 8.4 0 7.6 36.9 2 46.9zm-1.7 47.2c-7.7 20.2-17.3 43.3-28.4 62.7 18.3-7 39-17.2 62.9-21.9-12.7-9.6-24.9-23.4-34.5-40.8zM86.1 428.1c0 .8 13.2-5.4 34.9-40.2-6.7 6.3-29.1 24.5-34.9 40.2zM248 160h136v328c0 13.3-10.7 24-24 24H24c-13.3 0-24-10.7-24-24V24C0 10.7 10.7 0 24 0h200v136c0 13.2 10.8 24 24 24zm-8 171.8c-20-12.2-33.3-29-42.7-53.8 4.5-18.5 11.6-46.6 6.2-64.2-4.7-29.4-42.4-26.5-47.8-6.8-5 18.3-.4 44.1 8.1 77-11.6 27.6-28.7 64.6-40.8 85.8-.1 0-.1.1-.2.1-27.1 13.9-73.6 44.5-54.5 68 5.6 6.9 16 10 21.5 10 17.9 0 35.7-18 61.1-61.8 25.8-8.5 54.1-19.1 79-23.2 21.7 11.8 47.1 19.5 64 19.5 29.2 0 31.2-32 19.7-43.4-13.9-13.6-54.3-9.7-73.6-7.2zM377 105L279 7c-4.5-4.5-10.6-7-17-7h-6v128h128v-6.1c0-6.3-2.5-12.4-7-16.9zm-74.1 255.3c4.1-2.7-2.5-11.9-42.8-9 37.1 15.8 42.8 9 42.8 9z\"><\/path><\/svg>\t\t\t<\/span>\n\t\t\t\t\t\t\t\t\t<span class=\"elementor-button-text\">VER DOCUMENTO<\/span>\n\t\t\t\t\t<\/span>\n\t\t\t\t\t<\/a>\n\t\t\t\t<\/div>\n\t\t\t\t\t\t\t\t<\/div>\n\t\t\t\t<\/div>\n\t\t<div class=\"elementor-element elementor-element-dce914d e-con-full contenido34 e-flex e-con e-child\" data-id=\"dce914d\" data-element_type=\"container\" data-e-type=\"container\">\n\t\t\t\t<div class=\"elementor-element elementor-element-3b6473d elementor-widget elementor-widget-sky-pdf-viewer\" data-id=\"3b6473d\" data-element_type=\"widget\" data-e-type=\"widget\" data-widget_type=\"sky-pdf-viewer.default\">\n\t\t\t\t<div class=\"elementor-widget-container\">\n\t\t\t\t\t\t\t<div class=\"sa-pdf-viewer\" data-settings=\"{&quot;id&quot;:&quot;#sa-pdf-viewer3b6473d&quot;,&quot;pdfUrl&quot;:&quot;https:\\\/\\\/ister.edu.ec\\\/wp-content\\\/uploads\\\/RENDICION_DE_CUENTAS_2024_-CES-U.pdf&quot;}\" data-pdf-settings=\"{&quot;width&quot;:&quot;100%&quot;,&quot;height&quot;:&quot;600px&quot;,&quot;page&quot;:1}\">\n\t\t\t\n\t\t\t<div id=\"sa-pdf-viewer3b6473d\"><\/div>\n\t\t<\/div>\n\t\t\t\t\t\t<\/div>\n\t\t\t\t<\/div>\n\t\t\t\t<\/div>\n\t\t\t\t<\/div>\n\t\t<div class=\"elementor-element elementor-element-f4f9334 e-con-full e-flex e-con e-child\" data-id=\"f4f9334\" data-element_type=\"container\" data-e-type=\"container\">\n\t\t\t\t<div class=\"elementor-element elementor-element-a77ebcd elementor-widget elementor-widget-html\" data-id=\"a77ebcd\" data-element_type=\"widget\" data-e-type=\"widget\" data-widget_type=\"html.default\">\n\t\t\t\t<div class=\"elementor-widget-container\">\n\t\t\t\t\t<script src=\"https:\/\/ajax.googleapis.com\/ajax\/libs\/jquery\/3.6.0\/jquery.min.js\"><\/script>\n<script type=\"text\/javascript\">\n$(document).ready(function(){\n$('.btn33').on(\"click\",function(e){\n $('.contenido33').slideToggle(\"slow\");\nreturn false;\n });\n});\n<\/script>\t\t\t\t<\/div>\n\t\t\t\t<\/div>\n\t\t\t\t<div class=\"elementor-element elementor-element-07d982a elementor-widget elementor-widget-image\" data-id=\"07d982a\" data-element_type=\"widget\" data-e-type=\"widget\" data-widget_type=\"image.default\">\n\t\t\t\t<div class=\"elementor-widget-container\">\n\t\t\t\t\t\t\t\t\t\t\t\t\t\t\t\t<a href=\"https:\/\/ister.edu.ec\/wp-content\/uploads\/rendicion-2023.pdf\" target=\"_blank\">\n\t\t\t\t\t\t\t<img decoding=\"async\" width=\"800\" height=\"800\" src=\"https:\/\/ister.edu.ec\/wp-content\/uploads\/Rendicion-de-cuentas-2023-1-1024x1024.webp\" class=\"attachment-large size-large wp-image-31597\" alt=\"\" srcset=\"https:\/\/ister.edu.ec\/wp-content\/uploads\/Rendicion-de-cuentas-2023-1-1024x1024.webp 1024w, https:\/\/ister.edu.ec\/wp-content\/uploads\/Rendicion-de-cuentas-2023-1-300x300.webp 300w, https:\/\/ister.edu.ec\/wp-content\/uploads\/Rendicion-de-cuentas-2023-1-150x150.webp 150w, https:\/\/ister.edu.ec\/wp-content\/uploads\/Rendicion-de-cuentas-2023-1-768x768.webp 768w, https:\/\/ister.edu.ec\/wp-content\/uploads\/Rendicion-de-cuentas-2023-1.webp 1080w\" sizes=\"(max-width: 800px) 100vw, 800px\" title=\"Rendicion de cuentas 2023 (1) - Tecnol\u00f3gico Universitario Rumi\u00f1ahui\" \/>\t\t\t\t\t\t\t\t<\/a>\n\t\t\t\t\t\t\t\t\t\t\t\t\t\t\t<\/div>\n\t\t\t\t<\/div>\n\t\t\t\t<div class=\"elementor-element elementor-element-9e6cfe7 elementor-align-center btn33 elementor-widget elementor-widget-button\" data-id=\"9e6cfe7\" data-element_type=\"widget\" data-e-type=\"widget\" data-widget_type=\"button.default\">\n\t\t\t\t<div class=\"elementor-widget-container\">\n\t\t\t\t\t\t\t\t\t<div class=\"elementor-button-wrapper\">\n\t\t\t\t\t<a class=\"elementor-button elementor-button-link elementor-size-sm\" href=\"#\">\n\t\t\t\t\t\t<span class=\"elementor-button-content-wrapper\">\n\t\t\t\t\t\t<span class=\"elementor-button-icon\">\n\t\t\t\t<svg aria-hidden=\"true\" class=\"e-font-icon-svg e-fas-file-pdf\" viewbox=\"0 0 384 512\" xmlns=\"http:\/\/www.w3.org\/2000\/svg\"><path d=\"M181.9 256.1c-5-16-4.9-46.9-2-46.9 8.4 0 7.6 36.9 2 46.9zm-1.7 47.2c-7.7 20.2-17.3 43.3-28.4 62.7 18.3-7 39-17.2 62.9-21.9-12.7-9.6-24.9-23.4-34.5-40.8zM86.1 428.1c0 .8 13.2-5.4 34.9-40.2-6.7 6.3-29.1 24.5-34.9 40.2zM248 160h136v328c0 13.3-10.7 24-24 24H24c-13.3 0-24-10.7-24-24V24C0 10.7 10.7 0 24 0h200v136c0 13.2 10.8 24 24 24zm-8 171.8c-20-12.2-33.3-29-42.7-53.8 4.5-18.5 11.6-46.6 6.2-64.2-4.7-29.4-42.4-26.5-47.8-6.8-5 18.3-.4 44.1 8.1 77-11.6 27.6-28.7 64.6-40.8 85.8-.1 0-.1.1-.2.1-27.1 13.9-73.6 44.5-54.5 68 5.6 6.9 16 10 21.5 10 17.9 0 35.7-18 61.1-61.8 25.8-8.5 54.1-19.1 79-23.2 21.7 11.8 47.1 19.5 64 19.5 29.2 0 31.2-32 19.7-43.4-13.9-13.6-54.3-9.7-73.6-7.2zM377 105L279 7c-4.5-4.5-10.6-7-17-7h-6v128h128v-6.1c0-6.3-2.5-12.4-7-16.9zm-74.1 255.3c4.1-2.7-2.5-11.9-42.8-9 37.1 15.8 42.8 9 42.8 9z\"><\/path><\/svg>\t\t\t<\/span>\n\t\t\t\t\t\t\t\t\t<span class=\"elementor-button-text\">VER DOCUMENTO<\/span>\n\t\t\t\t\t<\/span>\n\t\t\t\t\t<\/a>\n\t\t\t\t<\/div>\n\t\t\t\t\t\t\t\t<\/div>\n\t\t\t\t<\/div>\n\t\t<div class=\"elementor-element elementor-element-2c2b516 e-con-full contenido33 e-flex e-con e-child\" data-id=\"2c2b516\" data-element_type=\"container\" data-e-type=\"container\">\n\t\t\t\t<div class=\"elementor-element elementor-element-fcfce29 elementor-widget elementor-widget-sky-pdf-viewer\" data-id=\"fcfce29\" data-element_type=\"widget\" data-e-type=\"widget\" data-widget_type=\"sky-pdf-viewer.default\">\n\t\t\t\t<div class=\"elementor-widget-container\">\n\t\t\t\t\t\t\t<div class=\"sa-pdf-viewer\" data-settings=\"{&quot;id&quot;:&quot;#sa-pdf-viewerfcfce29&quot;,&quot;pdfUrl&quot;:&quot;https:\\\/\\\/ister.edu.ec\\\/wp-content\\\/uploads\\\/rendicion-2023.pdf&quot;}\" data-pdf-settings=\"{&quot;width&quot;:&quot;100%&quot;,&quot;height&quot;:&quot;600px&quot;,&quot;page&quot;:1}\">\n\t\t\t\n\t\t\t<div id=\"sa-pdf-viewerfcfce29\"><\/div>\n\t\t<\/div>\n\t\t\t\t\t\t<\/div>\n\t\t\t\t<\/div>\n\t\t\t\t<\/div>\n\t\t\t\t<\/div>\n\t\t\t\t\t<\/div>\n\t\t\t\t<\/div>\n\t\t<div class=\"elementor-element elementor-element-c12659b e-flex e-con-boxed e-con e-parent\" data-id=\"c12659b\" data-element_type=\"container\" data-e-type=\"container\">\n\t\t\t\t\t<div class=\"e-con-inner\">\n\t\t<div class=\"elementor-element elementor-element-6cfb868 e-con-full e-flex e-con e-child\" data-id=\"6cfb868\" data-element_type=\"container\" data-e-type=\"container\">\n\t\t\t\t<div class=\"elementor-element elementor-element-dd16d34 elementor-widget elementor-widget-html\" data-id=\"dd16d34\" data-element_type=\"widget\" data-e-type=\"widget\" data-widget_type=\"html.default\">\n\t\t\t\t<div class=\"elementor-widget-container\">\n\t\t\t\t\t<script src=\"https:\/\/ajax.googleapis.com\/ajax\/libs\/jquery\/3.6.0\/jquery.min.js\"><\/script>\n<script type=\"text\/javascript\">\n$(document).ready(function(){\n$('.btn32').on(\"click\",function(e){\n $('.contenido32').slideToggle(\"slow\");\nreturn false;\n });\n});\n<\/script>\t\t\t\t<\/div>\n\t\t\t\t<\/div>\n\t\t\t\t<div class=\"elementor-element elementor-element-f0e72a8 elementor-widget elementor-widget-image\" data-id=\"f0e72a8\" data-element_type=\"widget\" data-e-type=\"widget\" data-widget_type=\"image.default\">\n\t\t\t\t<div class=\"elementor-widget-container\">\n\t\t\t\t\t\t\t\t\t\t\t\t\t\t\t\t<a href=\"https:\/\/ister.edu.ec\/wp-content\/uploads\/RENDICION-2022-signed.pdf\" target=\"_blank\">\n\t\t\t\t\t\t\t<img decoding=\"async\" width=\"800\" height=\"800\" src=\"https:\/\/ister.edu.ec\/wp-content\/uploads\/Rendicion-de-cuentas-2022-1-1024x1024.webp\" class=\"attachment-large size-large wp-image-31598\" alt=\"\" srcset=\"https:\/\/ister.edu.ec\/wp-content\/uploads\/Rendicion-de-cuentas-2022-1-1024x1024.webp 1024w, https:\/\/ister.edu.ec\/wp-content\/uploads\/Rendicion-de-cuentas-2022-1-300x300.webp 300w, https:\/\/ister.edu.ec\/wp-content\/uploads\/Rendicion-de-cuentas-2022-1-150x150.webp 150w, https:\/\/ister.edu.ec\/wp-content\/uploads\/Rendicion-de-cuentas-2022-1-768x768.webp 768w, https:\/\/ister.edu.ec\/wp-content\/uploads\/Rendicion-de-cuentas-2022-1.webp 1080w\" sizes=\"(max-width: 800px) 100vw, 800px\" title=\"Rendicion de cuentas 2022 (1) - Tecnol\u00f3gico Universitario Rumi\u00f1ahui\" \/>\t\t\t\t\t\t\t\t<\/a>\n\t\t\t\t\t\t\t\t\t\t\t\t\t\t\t<\/div>\n\t\t\t\t<\/div>\n\t\t\t\t<div class=\"elementor-element elementor-element-e7c94b9 elementor-align-center btn32 elementor-widget elementor-widget-button\" data-id=\"e7c94b9\" data-element_type=\"widget\" data-e-type=\"widget\" data-widget_type=\"button.default\">\n\t\t\t\t<div class=\"elementor-widget-container\">\n\t\t\t\t\t\t\t\t\t<div class=\"elementor-button-wrapper\">\n\t\t\t\t\t<a class=\"elementor-button elementor-button-link elementor-size-sm\" href=\"#\">\n\t\t\t\t\t\t<span class=\"elementor-button-content-wrapper\">\n\t\t\t\t\t\t<span class=\"elementor-button-icon\">\n\t\t\t\t<svg aria-hidden=\"true\" class=\"e-font-icon-svg e-fas-file-pdf\" viewbox=\"0 0 384 512\" xmlns=\"http:\/\/www.w3.org\/2000\/svg\"><path d=\"M181.9 256.1c-5-16-4.9-46.9-2-46.9 8.4 0 7.6 36.9 2 46.9zm-1.7 47.2c-7.7 20.2-17.3 43.3-28.4 62.7 18.3-7 39-17.2 62.9-21.9-12.7-9.6-24.9-23.4-34.5-40.8zM86.1 428.1c0 .8 13.2-5.4 34.9-40.2-6.7 6.3-29.1 24.5-34.9 40.2zM248 160h136v328c0 13.3-10.7 24-24 24H24c-13.3 0-24-10.7-24-24V24C0 10.7 10.7 0 24 0h200v136c0 13.2 10.8 24 24 24zm-8 171.8c-20-12.2-33.3-29-42.7-53.8 4.5-18.5 11.6-46.6 6.2-64.2-4.7-29.4-42.4-26.5-47.8-6.8-5 18.3-.4 44.1 8.1 77-11.6 27.6-28.7 64.6-40.8 85.8-.1 0-.1.1-.2.1-27.1 13.9-73.6 44.5-54.5 68 5.6 6.9 16 10 21.5 10 17.9 0 35.7-18 61.1-61.8 25.8-8.5 54.1-19.1 79-23.2 21.7 11.8 47.1 19.5 64 19.5 29.2 0 31.2-32 19.7-43.4-13.9-13.6-54.3-9.7-73.6-7.2zM377 105L279 7c-4.5-4.5-10.6-7-17-7h-6v128h128v-6.1c0-6.3-2.5-12.4-7-16.9zm-74.1 255.3c4.1-2.7-2.5-11.9-42.8-9 37.1 15.8 42.8 9 42.8 9z\"><\/path><\/svg>\t\t\t<\/span>\n\t\t\t\t\t\t\t\t\t<span class=\"elementor-button-text\">VER DOCUMENTO<\/span>\n\t\t\t\t\t<\/span>\n\t\t\t\t\t<\/a>\n\t\t\t\t<\/div>\n\t\t\t\t\t\t\t\t<\/div>\n\t\t\t\t<\/div>\n\t\t<div class=\"elementor-element elementor-element-68112ef e-con-full contenido32 e-flex e-con e-child\" data-id=\"68112ef\" data-element_type=\"container\" data-e-type=\"container\">\n\t\t\t\t<div class=\"elementor-element elementor-element-c5bac09 elementor-widget elementor-widget-sky-pdf-viewer\" data-id=\"c5bac09\" data-element_type=\"widget\" data-e-type=\"widget\" data-widget_type=\"sky-pdf-viewer.default\">\n\t\t\t\t<div class=\"elementor-widget-container\">\n\t\t\t\t\t\t\t<div class=\"sa-pdf-viewer\" data-settings=\"{&quot;id&quot;:&quot;#sa-pdf-viewerc5bac09&quot;,&quot;pdfUrl&quot;:&quot;https:\\\/\\\/ister.edu.ec\\\/wp-content\\\/uploads\\\/RENDICION-2022-signed.pdf&quot;}\" data-pdf-settings=\"{&quot;width&quot;:&quot;100%&quot;,&quot;height&quot;:&quot;600px&quot;,&quot;page&quot;:1}\">\n\t\t\t\n\t\t\t<div id=\"sa-pdf-viewerc5bac09\"><\/div>\n\t\t<\/div>\n\t\t\t\t\t\t<\/div>\n\t\t\t\t<\/div>\n\t\t\t\t<\/div>\n\t\t\t\t<\/div>\n\t\t<div class=\"elementor-element elementor-element-8cfc0e0 e-con-full e-flex e-con e-child\" data-id=\"8cfc0e0\" data-element_type=\"container\" data-e-type=\"container\">\n\t\t\t\t<\/div>\n\t\t\t\t\t<\/div>\n\t\t\t\t<\/div>\n\t\t\t\t<\/div>","protected":false},"excerpt":{"rendered":"<p>OBJETIVOS CUMPLIDOS EN NUESTRA RENDICI\u00d3N DE CUENTAS La rendici\u00f3n de cuentas es un pilar en la cultura institucional del Universitario Rumi\u00f1ahui, garantizando as\u00ed la transparencia en su actuar y fomentando la participaci\u00f3n activa de todos los actores involucrados en su misi\u00f3n educativa, informando de manera clara y precisa sobre su gesti\u00f3n, tanto en t\u00e9rminos de [&hellip;]<\/p>\n","protected":false},"author":4,"featured_media":0,"parent":0,"menu_order":0,"comment_status":"closed","ping_status":"closed","template":"","meta":{"om_disable_all_campaigns":false,"_monsterinsights_skip_tracking":false,"_monsterinsights_sitenote_active":false,"_monsterinsights_sitenote_note":"","_monsterinsights_sitenote_category":0,"footnotes":""},"class_list":["post-9485","page","type-page","status-publish","hentry"],"aioseo_notices":[],"_links":{"self":[{"href":"https:\/\/ister.edu.ec\/en\/wp-json\/wp\/v2\/pages\/9485","targetHints":{"allow":["GET"]}}],"collection":[{"href":"https:\/\/ister.edu.ec\/en\/wp-json\/wp\/v2\/pages"}],"about":[{"href":"https:\/\/ister.edu.ec\/en\/wp-json\/wp\/v2\/types\/page"}],"author":[{"embeddable":true,"href":"https:\/\/ister.edu.ec\/en\/wp-json\/wp\/v2\/users\/4"}],"replies":[{"embeddable":true,"href":"https:\/\/ister.edu.ec\/en\/wp-json\/wp\/v2\/comments?post=9485"}],"version-history":[{"count":73,"href":"https:\/\/ister.edu.ec\/en\/wp-json\/wp\/v2\/pages\/9485\/revisions"}],"predecessor-version":[{"id":39636,"href":"https:\/\/ister.edu.ec\/en\/wp-json\/wp\/v2\/pages\/9485\/revisions\/39636"}],"wp:attachment":[{"href":"https:\/\/ister.edu.ec\/en\/wp-json\/wp\/v2\/media?parent=9485"}],"curies":[{"name":"wp","href":"https:\/\/api.w.org\/{rel}","templated":true}]}}